{"id":2229,"date":"2026-01-06T13:49:35","date_gmt":"2026-01-06T13:49:35","guid":{"rendered":"https:\/\/medicalwastepuertorico.com\/?page_id=2229"},"modified":"2026-01-07T14:40:43","modified_gmt":"2026-01-07T14:40:43","slug":"contacto","status":"publish","type":"page","link":"https:\/\/medicalwastepuertorico.com\/en\/contacto\/","title":{"rendered":"Contact"},"content":{"rendered":"<div data-elementor-type=\"wp-page\" data-elementor-id=\"2229\" class=\"elementor elementor-2229\" data-elementor-settings=\"{&quot;ha_cmc_init_switcher&quot;:&quot;no&quot;}\">\n\t\t\t\t\t\t<section class=\"elementor-section elementor-top-section elementor-element elementor-element-b509daf elementor-section-full_width elementor-section-height-default elementor-section-height-default\" data-id=\"b509daf\" data-element_type=\"section\" data-settings=\"{&quot;jet_parallax_layout_list&quot;:[],&quot;background_background&quot;:&quot;classic&quot;,&quot;_ha_eqh_enable&quot;:false}\">\n\t\t\t\t\t\t<div class=\"elementor-container elementor-column-gap-no\">\n\t\t\t\t\t<div class=\"elementor-column elementor-col-50 elementor-top-column elementor-element elementor-element-9653f97\" data-id=\"9653f97\" data-element_type=\"column\">\n\t\t\t<div class=\"elementor-widget-wrap elementor-element-populated\">\n\t\t\t\t\t\t<div class=\"elementor-element elementor-element-8442034 elementor-widget__width-initial elementor-widget elementor-widget-heading\" data-id=\"8442034\" data-element_type=\"widget\" data-widget_type=\"heading.default\">\n\t\t\t\t<div class=\"elementor-widget-container\">\n\t\t\t\t\t<h2 class=\"elementor-heading-title elementor-size-default\">Comprometidos con la sanitizaci\u00f3n en todo momento.<\/h2>\t\t\t\t<\/div>\n\t\t\t\t<\/div>\n\t\t\t\t<div class=\"elementor-element elementor-element-d0a6138 elementor-widget__width-initial elementor-widget elementor-widget-text-editor\" data-id=\"d0a6138\" data-element_type=\"widget\" data-widget_type=\"text-editor.default\">\n\t\t\t\t<div class=\"elementor-widget-container\">\n\t\t\t\t\t\t\t\t\tM\u00e1s de 35 a\u00f1os sirviendo a Puerto Rico.\t\t\t\t\t\t\t\t<\/div>\n\t\t\t\t<\/div>\n\t\t\t\t\t<\/div>\n\t\t<\/div>\n\t\t\t\t<div class=\"elementor-column elementor-col-50 elementor-top-column elementor-element elementor-element-68ccca7\" data-id=\"68ccca7\" data-element_type=\"column\">\n\t\t\t<div class=\"elementor-widget-wrap elementor-element-populated\">\n\t\t\t\t\t\t<div class=\"elementor-element elementor-element-8bdc386 elementor-widget elementor-widget-image\" data-id=\"8bdc386\" data-element_type=\"widget\" data-widget_type=\"image.default\">\n\t\t\t\t<div class=\"elementor-widget-container\">\n\t\t\t\t\t\t\t\t\t\t\t\t\t\t\t<img decoding=\"async\" src=\"https:\/\/medicalwastepuertorico.com\/wp-content\/uploads\/2022\/11\/Banner.webp\" title=\"Banner\" alt=\"Banner\" loading=\"lazy\" \/>\t\t\t\t\t\t\t\t\t\t\t\t\t\t\t<\/div>\n\t\t\t\t<\/div>\n\t\t\t\t\t<\/div>\n\t\t<\/div>\n\t\t\t\t\t<\/div>\n\t\t<\/section>\n\t\t\t\t<section class=\"elementor-section elementor-top-section elementor-element elementor-element-7455892 elementor-section-boxed elementor-section-height-default elementor-section-height-default\" data-id=\"7455892\" data-element_type=\"section\" data-settings=\"{&quot;jet_parallax_layout_list&quot;:[],&quot;background_background&quot;:&quot;classic&quot;,&quot;_ha_eqh_enable&quot;:false}\">\n\t\t\t\t\t\t<div class=\"elementor-container elementor-column-gap-no\">\n\t\t\t\t\t<div class=\"elementor-column elementor-col-100 elementor-top-column elementor-element elementor-element-1bdbacd\" data-id=\"1bdbacd\" data-element_type=\"column\">\n\t\t\t<div class=\"elementor-widget-wrap elementor-element-populated\">\n\t\t\t\t\t\t<div class=\"elementor-element elementor-element-51dc213 elementor-widget elementor-widget-html\" data-id=\"51dc213\" data-element_type=\"widget\" data-widget_type=\"html.default\">\n\t\t\t\t<div class=\"elementor-widget-container\">\n\t\t\t\t\t<style>\n@media (max-width: 767px) {\n    div.wpforms-container-full .wpforms-form .wpforms-one-half {\n        width: calc( 100% - 0px) !important;\n        margin-left: 0px !important;\n    }\n    \n    div.wpforms-container-full .wpforms-form .wpforms-first :nth-child(1) {\n         margin-bottom: 15px !important;\n    }\n}\n<\/style>\t\t\t\t<\/div>\n\t\t\t\t<\/div>\n\t\t\t\t<section class=\"elementor-section elementor-inner-section elementor-element elementor-element-16215e4 elementor-section-full_width elementor-section-content-middle elementor-section-height-min-height elementor-section-height-default\" data-id=\"16215e4\" data-element_type=\"section\" data-settings=\"{&quot;jet_parallax_layout_list&quot;:[],&quot;_ha_eqh_enable&quot;:false}\">\n\t\t\t\t\t\t<div class=\"elementor-container elementor-column-gap-default\">\n\t\t\t\t\t<div class=\"elementor-column elementor-col-100 elementor-inner-column elementor-element elementor-element-aa62bf2\" data-id=\"aa62bf2\" data-element_type=\"column\">\n\t\t\t<div class=\"elementor-widget-wrap elementor-element-populated\">\n\t\t\t\t\t\t<div class=\"elementor-element elementor-element-2950728 elementor-widget elementor-widget-heading\" data-id=\"2950728\" data-element_type=\"widget\" data-widget_type=\"heading.default\">\n\t\t\t\t<div class=\"elementor-widget-container\">\n\t\t\t\t\t<h2 class=\"elementor-heading-title elementor-size-default\">Contact Us<\/h2>\t\t\t\t<\/div>\n\t\t\t\t<\/div>\n\t\t\t\t<div class=\"elementor-element elementor-element-32e0793 elementor-widget elementor-widget-text-editor\" data-id=\"32e0793\" data-element_type=\"widget\" data-widget_type=\"text-editor.default\">\n\t\t\t\t<div class=\"elementor-widget-container\">\n\t\t\t\t\t\t\t\t\t<p>\u00a1Ll\u00e1manos al <strong><a style=\"color: #000;\" href=\"tel:787-735-2575\">787-735-2575<\/a> <\/strong>o escr\u00edbenos al siguiente formulario y solicita tu cotizaci\u00f3n GRATIS!<\/p>\t\t\t\t\t\t\t\t<\/div>\n\t\t\t\t<\/div>\n\t\t\t\t<div class=\"elementor-element elementor-element-f8fab44 elementor-widget elementor-widget-ha-wpform happy-addon ha-wpform\" data-id=\"f8fab44\" data-element_type=\"widget\" data-widget_type=\"ha-wpform.default\">\n\t\t\t\t<div class=\"elementor-widget-container\">\n\t\t\t\t\t<div class=\"wpforms-container wpforms-container-full\" id=\"wpforms-502\"><form id=\"wpforms-form-502\" class=\"wpforms-validate wpforms-form wpforms-ajax-form\" data-formid=\"502\" method=\"post\" enctype=\"multipart\/form-data\" action=\"\/en\/wp-json\/wp\/v2\/pages\/2229\" data-token=\"3ff74619dfac12515c79e6a5fddfe218\" data-token-time=\"1776626550\" data-trp-original-action=\"\/en\/wp-json\/wp\/v2\/pages\/2229\"><noscript class=\"wpforms-error-noscript\">Please enable JavaScript in your browser to complete this form.<\/noscript><div class=\"wpforms-field-container\"><div id=\"wpforms-502-field_1-container\" class=\"wpforms-field wpforms-field-name\" data-field-id=\"1\"><label class=\"wpforms-field-label wpforms-label-hide\" for=\"wpforms-502-field_1\">Nombre <span class=\"wpforms-required-label\">*<\/span><\/label><div class=\"wpforms-field-row wpforms-field-large\"><div class=\"wpforms-field-row-block wpforms-first wpforms-one-half\"><input type=\"text\" id=\"wpforms-502-field_1\" class=\"wpforms-field-name-first wpforms-field-required\" name=\"wpforms[fields][1][first]\" placeholder=\"Nombre\" required><label for=\"wpforms-502-field_1\" class=\"wpforms-field-sublabel after wpforms-sublabel-hide\">First<\/label><\/div><div class=\"wpforms-field-row-block wpforms-one-half\"><input type=\"text\" id=\"wpforms-502-field_1-last\" class=\"wpforms-field-name-last wpforms-field-required\" name=\"wpforms[fields][1][last]\" placeholder=\"Apellido\" required><label for=\"wpforms-502-field_1-last\" class=\"wpforms-field-sublabel after wpforms-sublabel-hide\">Last<\/label><\/div><\/div><\/div><div id=\"wpforms-502-field_2-container\" class=\"wpforms-field wpforms-field-email wpforms-one-half wpforms-first\" data-field-id=\"2\"><label class=\"wpforms-field-label wpforms-label-hide\" for=\"wpforms-502-field_2\">Email <span class=\"wpforms-required-label\">*<\/span><\/label><input type=\"email\" id=\"wpforms-502-field_2\" class=\"wpforms-field-large wpforms-field-required\" name=\"wpforms[fields][2]\" placeholder=\"Email\" spellcheck=\"false\" required><\/div><div id=\"wpforms-502-field_3-container\" class=\"wpforms-field wpforms-field-text wpforms-one-half\" data-field-id=\"3\"><label class=\"wpforms-field-label wpforms-label-hide\" for=\"wpforms-502-field_3\">Tel\u00e9fono<\/label><input type=\"text\" id=\"wpforms-502-field_3\" class=\"wpforms-field-large wpforms-masked-input\" data-rule-inputmask-incomplete=\"1\" data-inputmask-mask=\"(999)-999-9999\" name=\"wpforms[fields][3]\" placeholder=\"Tel\u00e9fono\" ><\/div><div id=\"wpforms-502-field_4-container\" class=\"wpforms-field wpforms-field-textarea\" data-field-id=\"4\"><label class=\"wpforms-field-label wpforms-label-hide\" for=\"wpforms-502-field_4\">Mensaje <span class=\"wpforms-required-label\">*<\/span><\/label><textarea id=\"wpforms-502-field_4\" class=\"wpforms-field-large wpforms-field-required\" name=\"wpforms[fields][4]\" placeholder=\"Mensaje\" required><\/textarea><\/div><\/div><!-- .wpforms-field-container --><div class=\"wpforms-recaptcha-container wpforms-is-recaptcha wpforms-is-recaptcha-type-v3\" ><input type=\"hidden\" name=\"wpforms[recaptcha]\" value=\"\"><\/div><div class=\"wpforms-submit-container\" ><input type=\"hidden\" name=\"wpforms[id]\" value=\"502\"><input type=\"hidden\" name=\"page_title\" value=\"\"><input type=\"hidden\" name=\"page_url\" value=\"https:\/\/medicalwastepuertorico.com\/en\/wp-json\/wp\/v2\/pages\/2229\"><input type=\"hidden\" name=\"url_referer\" value=\"\"><button type=\"submit\" name=\"wpforms[submit]\" id=\"wpforms-submit-502\" class=\"wpforms-submit\" data-alt-text=\"Sending...\" data-submit-text=\"Enviar\" aria-live=\"assertive\" value=\"wpforms-submit\">Submit<\/button><img decoding=\"async\" src=\"https:\/\/medicalwastepuertorico.com\/wp-content\/plugins\/wpforms\/assets\/images\/submit-spin.svg\" class=\"wpforms-submit-spinner\" style=\"display: none;\" width=\"26\" height=\"26\" alt=\"Loading\"><\/div><input type=\"hidden\" name=\"trp-form-language\" value=\"en\"\/><\/form><\/div>  <!-- .wpforms-container -->\t\t\t\t<\/div>\n\t\t\t\t<\/div>\n\t\t\t\t\t<\/div>\n\t\t<\/div>\n\t\t\t\t\t<\/div>\n\t\t<\/section>\n\t\t\t\t\t<\/div>\n\t\t<\/div>\n\t\t\t\t\t<\/div>\n\t\t<\/section>\n\t\t\t\t<section class=\"elementor-section elementor-top-section elementor-element elementor-element-dc7e75a elementor-section-full_width elementor-section-height-default elementor-section-height-default\" data-id=\"dc7e75a\" data-element_type=\"section\" data-settings=\"{&quot;jet_parallax_layout_list&quot;:[],&quot;_ha_eqh_enable&quot;:false}\">\n\t\t\t\t\t\t<div class=\"elementor-container elementor-column-gap-no\">\n\t\t\t\t\t<div class=\"elementor-column elementor-col-100 elementor-top-column elementor-element elementor-element-ec71d9a\" data-id=\"ec71d9a\" data-element_type=\"column\">\n\t\t\t<div class=\"elementor-widget-wrap elementor-element-populated\">\n\t\t\t\t\t\t<div class=\"elementor-element elementor-element-ff06985 elementor-widget elementor-widget-google_maps\" data-id=\"ff06985\" data-element_type=\"widget\" data-widget_type=\"google_maps.default\">\n\t\t\t\t<div class=\"elementor-widget-container\">\n\t\t\t\t\t\t\t<div class=\"elementor-custom-embed\">\n\t\t\t<iframe loading=\"lazy\"\n\t\t\t\t\tsrc=\"https:\/\/maps.google.com\/maps?q=Medical%20Waste%20Transport%20Inc&#038;t=m&#038;z=16&#038;output=embed&#038;iwloc=near\"\n\t\t\t\t\ttitle=\"Medical Waste Transport Inc\"\n\t\t\t\t\taria-label=\"Medical Waste Transport Inc\"\n\t\t\t><\/iframe>\n\t\t<\/div>\n\t\t\t\t\t\t<\/div>\n\t\t\t\t<\/div>\n\t\t\t\t\t<\/div>\n\t\t<\/div>\n\t\t\t\t\t<\/div>\n\t\t<\/section>\n\t\t\t\t<\/div>","protected":false},"excerpt":{"rendered":"<p>Comprometidos con la sanitizaci\u00f3n en todo momento. M\u00e1s de 35 a\u00f1os sirviendo a Puerto Rico. Cont\u00e1ctanos \u00a1Ll\u00e1manos al 787-735-2575 o escr\u00edbenos al siguiente formulario y solicita tu cotizaci\u00f3n GRATIS! Please enable JavaScript in your browser to complete this form.Nombre *FirstLastEmail *Tel\u00e9fonoMensaje * Enviar<\/p>","protected":false},"author":1,"featured_media":0,"parent":0,"menu_order":0,"comment_status":"closed","ping_status":"closed","template":"elementor_header_footer","meta":{"_joinchat":[],"footnotes":""},"class_list":["post-2229","page","type-page","status-publish","hentry"],"yoast_head":"<!-- This site is optimized with the Yoast SEO plugin v26.7 - https:\/\/yoast.com\/wordpress\/plugins\/seo\/ -->\n<title>Desechos m\u00e9dicos | Medical Waste Transport Inc | PR<\/title>\n<meta name=\"description\" content=\"Somos expertos en la gesti\u00f3n de desechos m\u00e9dicos, ofreciendo un enfoque sostenible y responsable en cada etapa del proceso...\" \/>\n<meta name=\"robots\" content=\"index, follow, max-snippet:-1, max-image-preview:large, max-video-preview:-1\" \/>\n<link rel=\"canonical\" href=\"https:\/\/medicalwastepuertorico.com\/en\/contacto\/\" \/>\n<meta property=\"og:locale\" content=\"en_US\" \/>\n<meta property=\"og:type\" content=\"article\" \/>\n<meta property=\"og:title\" content=\"Desechos m\u00e9dicos | Medical Waste Transport Inc | PR\" \/>\n<meta property=\"og:description\" content=\"Somos expertos en la gesti\u00f3n de desechos m\u00e9dicos, ofreciendo un enfoque sostenible y responsable en cada etapa del proceso...\" \/>\n<meta property=\"og:url\" content=\"https:\/\/medicalwastepuertorico.com\/en\/contacto\/\" \/>\n<meta property=\"og:site_name\" content=\"Medical Waste Transport Inc\" \/>\n<meta property=\"article:publisher\" content=\"https:\/\/www.facebook.com\/medicalwastetransport\/\" \/>\n<meta property=\"article:modified_time\" content=\"2026-01-07T14:40:43+00:00\" \/>\n<meta property=\"og:image\" content=\"https:\/\/medicalwastepuertorico.com\/wp-content\/uploads\/2022\/11\/Banner.webp\" \/>\n<meta name=\"twitter:card\" content=\"summary_large_image\" \/>\n<meta name=\"twitter:label1\" content=\"Est. reading time\" \/>\n\t<meta name=\"twitter:data1\" content=\"1 minute\" \/>\n<script type=\"application\/ld+json\" class=\"yoast-schema-graph\">{\"@context\":\"https:\/\/schema.org\",\"@graph\":[{\"@type\":\"WebPage\",\"@id\":\"https:\/\/medicalwastepuertorico.com\/contacto\/\",\"url\":\"https:\/\/medicalwastepuertorico.com\/contacto\/\",\"name\":\"Desechos m\u00e9dicos | Medical Waste Transport Inc | PR\",\"isPartOf\":{\"@id\":\"https:\/\/medicalwastepuertorico.com\/#website\"},\"primaryImageOfPage\":{\"@id\":\"https:\/\/medicalwastepuertorico.com\/contacto\/#primaryimage\"},\"image\":{\"@id\":\"https:\/\/medicalwastepuertorico.com\/contacto\/#primaryimage\"},\"thumbnailUrl\":\"https:\/\/medicalwastepuertorico.com\/wp-content\/uploads\/2022\/11\/Banner.webp\",\"datePublished\":\"2026-01-06T13:49:35+00:00\",\"dateModified\":\"2026-01-07T14:40:43+00:00\",\"description\":\"Somos expertos en la gesti\u00f3n de desechos m\u00e9dicos, ofreciendo un enfoque sostenible y responsable en cada etapa del proceso...\",\"breadcrumb\":{\"@id\":\"https:\/\/medicalwastepuertorico.com\/contacto\/#breadcrumb\"},\"inLanguage\":\"en-US\",\"potentialAction\":[{\"@type\":\"ReadAction\",\"target\":[\"https:\/\/medicalwastepuertorico.com\/contacto\/\"]}]},{\"@type\":\"ImageObject\",\"inLanguage\":\"en-US\",\"@id\":\"https:\/\/medicalwastepuertorico.com\/contacto\/#primaryimage\",\"url\":\"https:\/\/medicalwastepuertorico.com\/wp-content\/uploads\/2022\/11\/Banner.webp\",\"contentUrl\":\"https:\/\/medicalwastepuertorico.com\/wp-content\/uploads\/2022\/11\/Banner.webp\"},{\"@type\":\"BreadcrumbList\",\"@id\":\"https:\/\/medicalwastepuertorico.com\/contacto\/#breadcrumb\",\"itemListElement\":[{\"@type\":\"ListItem\",\"position\":1,\"name\":\"Home\",\"item\":\"https:\/\/medicalwastepuertorico.com\/\"},{\"@type\":\"ListItem\",\"position\":2,\"name\":\"Contacto\"}]},{\"@type\":\"WebSite\",\"@id\":\"https:\/\/medicalwastepuertorico.com\/#website\",\"url\":\"https:\/\/medicalwastepuertorico.com\/\",\"name\":\"Medical Waste Transport Inc\",\"description\":\"Desechos m\u00e9dicos\",\"publisher\":{\"@id\":\"https:\/\/medicalwastepuertorico.com\/#organization\"},\"potentialAction\":[{\"@type\":\"SearchAction\",\"target\":{\"@type\":\"EntryPoint\",\"urlTemplate\":\"https:\/\/medicalwastepuertorico.com\/?s={search_term_string}\"},\"query-input\":{\"@type\":\"PropertyValueSpecification\",\"valueRequired\":true,\"valueName\":\"search_term_string\"}}],\"inLanguage\":\"en-US\"},{\"@type\":\"Organization\",\"@id\":\"https:\/\/medicalwastepuertorico.com\/#organization\",\"name\":\"Medical Waste Transport Inc\",\"url\":\"https:\/\/medicalwastepuertorico.com\/\",\"logo\":{\"@type\":\"ImageObject\",\"inLanguage\":\"en-US\",\"@id\":\"https:\/\/medicalwastepuertorico.com\/#\/schema\/logo\/image\/\",\"url\":\"https:\/\/medicalwastepuertorico.com\/wp-content\/uploads\/2022\/11\/cropped-favicon-1.png\",\"contentUrl\":\"https:\/\/medicalwastepuertorico.com\/wp-content\/uploads\/2022\/11\/cropped-favicon-1.png\",\"width\":512,\"height\":512,\"caption\":\"Medical Waste Transport Inc\"},\"image\":{\"@id\":\"https:\/\/medicalwastepuertorico.com\/#\/schema\/logo\/image\/\"},\"sameAs\":[\"https:\/\/www.facebook.com\/medicalwastetransport\/\"]}]}<\/script>\n<!-- \/ Yoast SEO plugin. -->","yoast_head_json":{"title":"Desechos m\u00e9dicos | Medical Waste Transport Inc | PR","description":"Somos expertos en la gesti\u00f3n de desechos m\u00e9dicos, ofreciendo un enfoque sostenible y responsable en cada etapa del proceso...","robots":{"index":"index","follow":"follow","max-snippet":"max-snippet:-1","max-image-preview":"max-image-preview:large","max-video-preview":"max-video-preview:-1"},"canonical":"https:\/\/medicalwastepuertorico.com\/en\/contacto\/","og_locale":"en_US","og_type":"article","og_title":"Desechos m\u00e9dicos | Medical Waste Transport Inc | PR","og_description":"Somos expertos en la gesti\u00f3n de desechos m\u00e9dicos, ofreciendo un enfoque sostenible y responsable en cada etapa del proceso...","og_url":"https:\/\/medicalwastepuertorico.com\/en\/contacto\/","og_site_name":"Medical Waste Transport Inc","article_publisher":"https:\/\/www.facebook.com\/medicalwastetransport\/","article_modified_time":"2026-01-07T14:40:43+00:00","og_image":[{"url":"https:\/\/medicalwastepuertorico.com\/wp-content\/uploads\/2022\/11\/Banner.webp","type":"","width":"","height":""}],"twitter_card":"summary_large_image","twitter_misc":{"Est. reading time":"1 minute"},"schema":{"@context":"https:\/\/schema.org","@graph":[{"@type":"WebPage","@id":"https:\/\/medicalwastepuertorico.com\/contacto\/","url":"https:\/\/medicalwastepuertorico.com\/contacto\/","name":"Desechos m\u00e9dicos | Medical Waste Transport Inc | PR","isPartOf":{"@id":"https:\/\/medicalwastepuertorico.com\/#website"},"primaryImageOfPage":{"@id":"https:\/\/medicalwastepuertorico.com\/contacto\/#primaryimage"},"image":{"@id":"https:\/\/medicalwastepuertorico.com\/contacto\/#primaryimage"},"thumbnailUrl":"https:\/\/medicalwastepuertorico.com\/wp-content\/uploads\/2022\/11\/Banner.webp","datePublished":"2026-01-06T13:49:35+00:00","dateModified":"2026-01-07T14:40:43+00:00","description":"Somos expertos en la gesti\u00f3n de desechos m\u00e9dicos, ofreciendo un enfoque sostenible y responsable en cada etapa del proceso...","breadcrumb":{"@id":"https:\/\/medicalwastepuertorico.com\/contacto\/#breadcrumb"},"inLanguage":"en-US","potentialAction":[{"@type":"ReadAction","target":["https:\/\/medicalwastepuertorico.com\/contacto\/"]}]},{"@type":"ImageObject","inLanguage":"en-US","@id":"https:\/\/medicalwastepuertorico.com\/contacto\/#primaryimage","url":"https:\/\/medicalwastepuertorico.com\/wp-content\/uploads\/2022\/11\/Banner.webp","contentUrl":"https:\/\/medicalwastepuertorico.com\/wp-content\/uploads\/2022\/11\/Banner.webp"},{"@type":"BreadcrumbList","@id":"https:\/\/medicalwastepuertorico.com\/contacto\/#breadcrumb","itemListElement":[{"@type":"ListItem","position":1,"name":"Home","item":"https:\/\/medicalwastepuertorico.com\/"},{"@type":"ListItem","position":2,"name":"Contacto"}]},{"@type":"WebSite","@id":"https:\/\/medicalwastepuertorico.com\/#website","url":"https:\/\/medicalwastepuertorico.com\/","name":"Medical Waste Transport Inc","description":"Desechos m\u00e9dicos","publisher":{"@id":"https:\/\/medicalwastepuertorico.com\/#organization"},"potentialAction":[{"@type":"SearchAction","target":{"@type":"EntryPoint","urlTemplate":"https:\/\/medicalwastepuertorico.com\/?s={search_term_string}"},"query-input":{"@type":"PropertyValueSpecification","valueRequired":true,"valueName":"search_term_string"}}],"inLanguage":"en-US"},{"@type":"Organization","@id":"https:\/\/medicalwastepuertorico.com\/#organization","name":"Medical Waste Transport Inc","url":"https:\/\/medicalwastepuertorico.com\/","logo":{"@type":"ImageObject","inLanguage":"en-US","@id":"https:\/\/medicalwastepuertorico.com\/#\/schema\/logo\/image\/","url":"https:\/\/medicalwastepuertorico.com\/wp-content\/uploads\/2022\/11\/cropped-favicon-1.png","contentUrl":"https:\/\/medicalwastepuertorico.com\/wp-content\/uploads\/2022\/11\/cropped-favicon-1.png","width":512,"height":512,"caption":"Medical Waste Transport Inc"},"image":{"@id":"https:\/\/medicalwastepuertorico.com\/#\/schema\/logo\/image\/"},"sameAs":["https:\/\/www.facebook.com\/medicalwastetransport\/"]}]}},"_links":{"self":[{"href":"https:\/\/medicalwastepuertorico.com\/en\/wp-json\/wp\/v2\/pages\/2229","targetHints":{"allow":["GET"]}}],"collection":[{"href":"https:\/\/medicalwastepuertorico.com\/en\/wp-json\/wp\/v2\/pages"}],"about":[{"href":"https:\/\/medicalwastepuertorico.com\/en\/wp-json\/wp\/v2\/types\/page"}],"author":[{"embeddable":true,"href":"https:\/\/medicalwastepuertorico.com\/en\/wp-json\/wp\/v2\/users\/1"}],"replies":[{"embeddable":true,"href":"https:\/\/medicalwastepuertorico.com\/en\/wp-json\/wp\/v2\/comments?post=2229"}],"version-history":[{"count":46,"href":"https:\/\/medicalwastepuertorico.com\/en\/wp-json\/wp\/v2\/pages\/2229\/revisions"}],"predecessor-version":[{"id":2299,"href":"https:\/\/medicalwastepuertorico.com\/en\/wp-json\/wp\/v2\/pages\/2229\/revisions\/2299"}],"wp:attachment":[{"href":"https:\/\/medicalwastepuertorico.com\/en\/wp-json\/wp\/v2\/media?parent=2229"}],"curies":[{"name":"wp","href":"https:\/\/api.w.org\/{rel}","templated":true}]}}