{"id":2276,"date":"2026-01-06T14:56:05","date_gmt":"2026-01-06T14:56:05","guid":{"rendered":"https:\/\/medicalwastepuertorico.com\/?page_id=2276"},"modified":"2026-01-07T14:40:05","modified_gmt":"2026-01-07T14:40:05","slug":"gracias","status":"publish","type":"page","link":"https:\/\/medicalwastepuertorico.com\/en\/gracias\/","title":{"rendered":"Gracias"},"content":{"rendered":"<div data-elementor-type=\"wp-page\" data-elementor-id=\"2276\" class=\"elementor elementor-2276\" data-elementor-settings=\"{&quot;ha_cmc_init_switcher&quot;:&quot;no&quot;}\">\n\t\t\t\t\t\t<section class=\"elementor-section elementor-top-section elementor-element elementor-element-3f6bda1 elementor-section-full_width elementor-section-height-default elementor-section-height-default\" data-id=\"3f6bda1\" data-element_type=\"section\" data-e-type=\"section\" data-settings=\"{&quot;jet_parallax_layout_list&quot;:[],&quot;background_background&quot;:&quot;classic&quot;,&quot;_ha_eqh_enable&quot;:false}\">\n\t\t\t\t\t\t<div class=\"elementor-container elementor-column-gap-no\">\n\t\t\t\t\t<div class=\"elementor-column elementor-col-50 elementor-top-column elementor-element elementor-element-61b78f8\" data-id=\"61b78f8\" data-element_type=\"column\" data-e-type=\"column\">\n\t\t\t<div class=\"elementor-widget-wrap elementor-element-populated\">\n\t\t\t\t\t\t<div class=\"elementor-element elementor-element-908bbf9 elementor-widget__width-initial elementor-widget elementor-widget-heading\" data-id=\"908bbf9\" data-element_type=\"widget\" data-e-type=\"widget\" data-widget_type=\"heading.default\">\n\t\t\t\t<div class=\"elementor-widget-container\">\n\t\t\t\t\t<h2 class=\"elementor-heading-title elementor-size-default\">Comprometidos con la sanitizaci\u00f3n en todo momento.<\/h2>\t\t\t\t<\/div>\n\t\t\t\t<\/div>\n\t\t\t\t<div class=\"elementor-element elementor-element-4d87317 elementor-widget__width-initial elementor-widget elementor-widget-text-editor\" data-id=\"4d87317\" data-element_type=\"widget\" data-e-type=\"widget\" data-widget_type=\"text-editor.default\">\n\t\t\t\t<div class=\"elementor-widget-container\">\n\t\t\t\t\t\t\t\t\tM\u00e1s de 35 a\u00f1os sirviendo a Puerto Rico.\t\t\t\t\t\t\t\t<\/div>\n\t\t\t\t<\/div>\n\t\t\t\t\t<\/div>\n\t\t<\/div>\n\t\t\t\t<div class=\"elementor-column elementor-col-50 elementor-top-column elementor-element elementor-element-bd98a6c\" data-id=\"bd98a6c\" data-element_type=\"column\" data-e-type=\"column\">\n\t\t\t<div class=\"elementor-widget-wrap elementor-element-populated\">\n\t\t\t\t\t\t<div class=\"elementor-element elementor-element-f908221 elementor-widget elementor-widget-image\" data-id=\"f908221\" data-element_type=\"widget\" data-e-type=\"widget\" data-widget_type=\"image.default\">\n\t\t\t\t<div class=\"elementor-widget-container\">\n\t\t\t\t\t\t\t\t\t\t\t\t\t\t\t<img decoding=\"async\" src=\"https:\/\/medicalwastepuertorico.com\/wp-content\/uploads\/2022\/11\/Banner.webp\" title=\"Banner\" alt=\"Banner\" loading=\"lazy\" \/>\t\t\t\t\t\t\t\t\t\t\t\t\t\t\t<\/div>\n\t\t\t\t<\/div>\n\t\t\t\t\t<\/div>\n\t\t<\/div>\n\t\t\t\t\t<\/div>\n\t\t<\/section>\n\t\t\t\t<section class=\"elementor-section elementor-top-section elementor-element elementor-element-8eef64f elementor-section-boxed elementor-section-height-default elementor-section-height-default\" data-id=\"8eef64f\" data-element_type=\"section\" data-e-type=\"section\" data-settings=\"{&quot;jet_parallax_layout_list&quot;:[],&quot;_ha_eqh_enable&quot;:false}\">\n\t\t\t\t\t\t<div class=\"elementor-container elementor-column-gap-no\">\n\t\t\t\t\t<div class=\"elementor-column elementor-col-100 elementor-top-column elementor-element elementor-element-63f091c\" data-id=\"63f091c\" data-element_type=\"column\" data-e-type=\"column\">\n\t\t\t<div class=\"elementor-widget-wrap elementor-element-populated\">\n\t\t\t\t\t\t<section class=\"elementor-section elementor-inner-section elementor-element elementor-element-9554791 elementor-section-full_width elementor-section-content-middle elementor-section-height-default elementor-section-height-default\" data-id=\"9554791\" data-element_type=\"section\" data-e-type=\"section\" data-settings=\"{&quot;jet_parallax_layout_list&quot;:[],&quot;_ha_eqh_enable&quot;:false}\">\n\t\t\t\t\t\t<div class=\"elementor-container elementor-column-gap-default\">\n\t\t\t\t\t<div class=\"elementor-column elementor-col-50 elementor-inner-column elementor-element elementor-element-d19c73b\" data-id=\"d19c73b\" data-element_type=\"column\" data-e-type=\"column\">\n\t\t\t<div class=\"elementor-widget-wrap elementor-element-populated\">\n\t\t\t\t\t\t<div class=\"elementor-element elementor-element-ca1d277 elementor-widget elementor-widget-image\" data-id=\"ca1d277\" data-element_type=\"widget\" data-e-type=\"widget\" data-widget_type=\"image.default\">\n\t\t\t\t<div class=\"elementor-widget-container\">\n\t\t\t\t\t\t\t\t\t\t\t\t\t\t\t<img decoding=\"async\" src=\"https:\/\/medicalwastepuertorico.com\/wp-content\/uploads\/2025\/12\/productos-biomedicos.webp\" title=\"productos-biomedicos\" alt=\"productos-biomedicos\" loading=\"lazy\" \/>\t\t\t\t\t\t\t\t\t\t\t\t\t\t\t<\/div>\n\t\t\t\t<\/div>\n\t\t\t\t\t<\/div>\n\t\t<\/div>\n\t\t\t\t<div class=\"elementor-column elementor-col-50 elementor-inner-column elementor-element elementor-element-a6a8fe9\" data-id=\"a6a8fe9\" data-element_type=\"column\" data-e-type=\"column\">\n\t\t\t<div class=\"elementor-widget-wrap elementor-element-populated\">\n\t\t\t\t\t\t<div class=\"elementor-element elementor-element-40afc2e elementor-widget elementor-widget-heading\" data-id=\"40afc2e\" data-element_type=\"widget\" data-e-type=\"widget\" data-widget_type=\"heading.default\">\n\t\t\t\t<div class=\"elementor-widget-container\">\n\t\t\t\t\t<h2 class=\"elementor-heading-title elementor-size-default\">Gracias por contactarnos, contestaremos lo antes posible.<\/h2>\t\t\t\t<\/div>\n\t\t\t\t<\/div>\n\t\t\t\t\t<\/div>\n\t\t<\/div>\n\t\t\t\t\t<\/div>\n\t\t<\/section>\n\t\t\t\t\t<\/div>\n\t\t<\/div>\n\t\t\t\t\t<\/div>\n\t\t<\/section>\n\t\t\t\t<\/div>","protected":false},"excerpt":{"rendered":"<p>Comprometidos con la sanitizaci\u00f3n en todo momento. M\u00e1s de 35 a\u00f1os sirviendo a Puerto Rico. Gracias por contactarnos, contestaremos lo antes posible.<\/p>","protected":false},"author":1,"featured_media":0,"parent":0,"menu_order":0,"comment_status":"closed","ping_status":"closed","template":"elementor_header_footer","meta":{"_joinchat":[],"footnotes":""},"class_list":["post-2276","page","type-page","status-publish","hentry"],"yoast_head":"<!-- This site is optimized with the Yoast SEO plugin v27.4 - https:\/\/yoast.com\/product\/yoast-seo-wordpress\/ -->\n<title>Desechos m\u00e9dicos | Medical Waste Transport Inc | PR<\/title>\n<meta name=\"description\" content=\"Somos expertos en la gesti\u00f3n de desechos m\u00e9dicos, ofreciendo un enfoque sostenible y responsable en cada etapa del proceso...\" \/>\n<meta name=\"robots\" content=\"index, follow, max-snippet:-1, max-image-preview:large, max-video-preview:-1\" \/>\n<link rel=\"canonical\" href=\"https:\/\/medicalwastepuertorico.com\/en\/gracias\/\" \/>\n<meta property=\"og:locale\" content=\"en_US\" \/>\n<meta property=\"og:type\" content=\"article\" \/>\n<meta property=\"og:title\" content=\"Desechos m\u00e9dicos | Medical Waste Transport Inc | PR\" \/>\n<meta property=\"og:description\" content=\"Somos expertos en la gesti\u00f3n de desechos m\u00e9dicos, ofreciendo un enfoque sostenible y responsable en cada etapa del proceso...\" \/>\n<meta property=\"og:url\" content=\"https:\/\/medicalwastepuertorico.com\/en\/gracias\/\" \/>\n<meta property=\"og:site_name\" content=\"Medical Waste Transport Inc\" \/>\n<meta property=\"article:publisher\" content=\"https:\/\/www.facebook.com\/medicalwastetransport\/\" \/>\n<meta property=\"article:modified_time\" content=\"2026-01-07T14:40:05+00:00\" \/>\n<meta property=\"og:image\" content=\"https:\/\/medicalwastepuertorico.com\/wp-content\/uploads\/2022\/11\/Banner.webp\" \/>\n<meta name=\"twitter:card\" content=\"summary_large_image\" \/>\n<meta name=\"twitter:label1\" content=\"Est. reading time\" \/>\n\t<meta name=\"twitter:data1\" content=\"1 minute\" \/>\n<script type=\"application\/ld+json\" class=\"yoast-schema-graph\">{\"@context\":\"https:\\\/\\\/schema.org\",\"@graph\":[{\"@type\":\"WebPage\",\"@id\":\"https:\\\/\\\/medicalwastepuertorico.com\\\/gracias\\\/\",\"url\":\"https:\\\/\\\/medicalwastepuertorico.com\\\/gracias\\\/\",\"name\":\"Desechos m\u00e9dicos | Medical Waste Transport Inc | PR\",\"isPartOf\":{\"@id\":\"https:\\\/\\\/medicalwastepuertorico.com\\\/#website\"},\"primaryImageOfPage\":{\"@id\":\"https:\\\/\\\/medicalwastepuertorico.com\\\/gracias\\\/#primaryimage\"},\"image\":{\"@id\":\"https:\\\/\\\/medicalwastepuertorico.com\\\/gracias\\\/#primaryimage\"},\"thumbnailUrl\":\"https:\\\/\\\/medicalwastepuertorico.com\\\/wp-content\\\/uploads\\\/2022\\\/11\\\/Banner.webp\",\"datePublished\":\"2026-01-06T14:56:05+00:00\",\"dateModified\":\"2026-01-07T14:40:05+00:00\",\"description\":\"Somos expertos en la gesti\u00f3n de desechos m\u00e9dicos, ofreciendo un enfoque sostenible y responsable en cada etapa del proceso...\",\"breadcrumb\":{\"@id\":\"https:\\\/\\\/medicalwastepuertorico.com\\\/gracias\\\/#breadcrumb\"},\"inLanguage\":\"en-US\",\"potentialAction\":[{\"@type\":\"ReadAction\",\"target\":[\"https:\\\/\\\/medicalwastepuertorico.com\\\/gracias\\\/\"]}]},{\"@type\":\"ImageObject\",\"inLanguage\":\"en-US\",\"@id\":\"https:\\\/\\\/medicalwastepuertorico.com\\\/gracias\\\/#primaryimage\",\"url\":\"https:\\\/\\\/medicalwastepuertorico.com\\\/wp-content\\\/uploads\\\/2022\\\/11\\\/Banner.webp\",\"contentUrl\":\"https:\\\/\\\/medicalwastepuertorico.com\\\/wp-content\\\/uploads\\\/2022\\\/11\\\/Banner.webp\"},{\"@type\":\"BreadcrumbList\",\"@id\":\"https:\\\/\\\/medicalwastepuertorico.com\\\/gracias\\\/#breadcrumb\",\"itemListElement\":[{\"@type\":\"ListItem\",\"position\":1,\"name\":\"Home\",\"item\":\"https:\\\/\\\/medicalwastepuertorico.com\\\/\"},{\"@type\":\"ListItem\",\"position\":2,\"name\":\"Gracias\"}]},{\"@type\":\"WebSite\",\"@id\":\"https:\\\/\\\/medicalwastepuertorico.com\\\/#website\",\"url\":\"https:\\\/\\\/medicalwastepuertorico.com\\\/\",\"name\":\"Medical Waste Transport Inc\",\"description\":\"Desechos m\u00e9dicos\",\"publisher\":{\"@id\":\"https:\\\/\\\/medicalwastepuertorico.com\\\/#organization\"},\"potentialAction\":[{\"@type\":\"SearchAction\",\"target\":{\"@type\":\"EntryPoint\",\"urlTemplate\":\"https:\\\/\\\/medicalwastepuertorico.com\\\/?s={search_term_string}\"},\"query-input\":{\"@type\":\"PropertyValueSpecification\",\"valueRequired\":true,\"valueName\":\"search_term_string\"}}],\"inLanguage\":\"en-US\"},{\"@type\":\"Organization\",\"@id\":\"https:\\\/\\\/medicalwastepuertorico.com\\\/#organization\",\"name\":\"Medical Waste Transport Inc\",\"url\":\"https:\\\/\\\/medicalwastepuertorico.com\\\/\",\"logo\":{\"@type\":\"ImageObject\",\"inLanguage\":\"en-US\",\"@id\":\"https:\\\/\\\/medicalwastepuertorico.com\\\/#\\\/schema\\\/logo\\\/image\\\/\",\"url\":\"https:\\\/\\\/medicalwastepuertorico.com\\\/wp-content\\\/uploads\\\/2022\\\/11\\\/cropped-favicon-1.png\",\"contentUrl\":\"https:\\\/\\\/medicalwastepuertorico.com\\\/wp-content\\\/uploads\\\/2022\\\/11\\\/cropped-favicon-1.png\",\"width\":512,\"height\":512,\"caption\":\"Medical Waste Transport Inc\"},\"image\":{\"@id\":\"https:\\\/\\\/medicalwastepuertorico.com\\\/#\\\/schema\\\/logo\\\/image\\\/\"},\"sameAs\":[\"https:\\\/\\\/www.facebook.com\\\/medicalwastetransport\\\/\"]}]}<\/script>\n<!-- \/ Yoast SEO plugin. -->","yoast_head_json":{"title":"Desechos m\u00e9dicos | Medical Waste Transport Inc | PR","description":"Somos expertos en la gesti\u00f3n de desechos m\u00e9dicos, ofreciendo un enfoque sostenible y responsable en cada etapa del proceso...","robots":{"index":"index","follow":"follow","max-snippet":"max-snippet:-1","max-image-preview":"max-image-preview:large","max-video-preview":"max-video-preview:-1"},"canonical":"https:\/\/medicalwastepuertorico.com\/en\/gracias\/","og_locale":"en_US","og_type":"article","og_title":"Desechos m\u00e9dicos | Medical Waste Transport Inc | PR","og_description":"Somos expertos en la gesti\u00f3n de desechos m\u00e9dicos, ofreciendo un enfoque sostenible y responsable en cada etapa del proceso...","og_url":"https:\/\/medicalwastepuertorico.com\/en\/gracias\/","og_site_name":"Medical Waste Transport Inc","article_publisher":"https:\/\/www.facebook.com\/medicalwastetransport\/","article_modified_time":"2026-01-07T14:40:05+00:00","og_image":[{"url":"https:\/\/medicalwastepuertorico.com\/wp-content\/uploads\/2022\/11\/Banner.webp","type":"","width":"","height":""}],"twitter_card":"summary_large_image","twitter_misc":{"Est. reading time":"1 minute"},"schema":{"@context":"https:\/\/schema.org","@graph":[{"@type":"WebPage","@id":"https:\/\/medicalwastepuertorico.com\/gracias\/","url":"https:\/\/medicalwastepuertorico.com\/gracias\/","name":"Desechos m\u00e9dicos | Medical Waste Transport Inc | PR","isPartOf":{"@id":"https:\/\/medicalwastepuertorico.com\/#website"},"primaryImageOfPage":{"@id":"https:\/\/medicalwastepuertorico.com\/gracias\/#primaryimage"},"image":{"@id":"https:\/\/medicalwastepuertorico.com\/gracias\/#primaryimage"},"thumbnailUrl":"https:\/\/medicalwastepuertorico.com\/wp-content\/uploads\/2022\/11\/Banner.webp","datePublished":"2026-01-06T14:56:05+00:00","dateModified":"2026-01-07T14:40:05+00:00","description":"Somos expertos en la gesti\u00f3n de desechos m\u00e9dicos, ofreciendo un enfoque sostenible y responsable en cada etapa del proceso...","breadcrumb":{"@id":"https:\/\/medicalwastepuertorico.com\/gracias\/#breadcrumb"},"inLanguage":"en-US","potentialAction":[{"@type":"ReadAction","target":["https:\/\/medicalwastepuertorico.com\/gracias\/"]}]},{"@type":"ImageObject","inLanguage":"en-US","@id":"https:\/\/medicalwastepuertorico.com\/gracias\/#primaryimage","url":"https:\/\/medicalwastepuertorico.com\/wp-content\/uploads\/2022\/11\/Banner.webp","contentUrl":"https:\/\/medicalwastepuertorico.com\/wp-content\/uploads\/2022\/11\/Banner.webp"},{"@type":"BreadcrumbList","@id":"https:\/\/medicalwastepuertorico.com\/gracias\/#breadcrumb","itemListElement":[{"@type":"ListItem","position":1,"name":"Home","item":"https:\/\/medicalwastepuertorico.com\/"},{"@type":"ListItem","position":2,"name":"Gracias"}]},{"@type":"WebSite","@id":"https:\/\/medicalwastepuertorico.com\/#website","url":"https:\/\/medicalwastepuertorico.com\/","name":"Medical Waste Transport Inc","description":"Desechos m\u00e9dicos","publisher":{"@id":"https:\/\/medicalwastepuertorico.com\/#organization"},"potentialAction":[{"@type":"SearchAction","target":{"@type":"EntryPoint","urlTemplate":"https:\/\/medicalwastepuertorico.com\/?s={search_term_string}"},"query-input":{"@type":"PropertyValueSpecification","valueRequired":true,"valueName":"search_term_string"}}],"inLanguage":"en-US"},{"@type":"Organization","@id":"https:\/\/medicalwastepuertorico.com\/#organization","name":"Medical Waste Transport Inc","url":"https:\/\/medicalwastepuertorico.com\/","logo":{"@type":"ImageObject","inLanguage":"en-US","@id":"https:\/\/medicalwastepuertorico.com\/#\/schema\/logo\/image\/","url":"https:\/\/medicalwastepuertorico.com\/wp-content\/uploads\/2022\/11\/cropped-favicon-1.png","contentUrl":"https:\/\/medicalwastepuertorico.com\/wp-content\/uploads\/2022\/11\/cropped-favicon-1.png","width":512,"height":512,"caption":"Medical Waste Transport Inc"},"image":{"@id":"https:\/\/medicalwastepuertorico.com\/#\/schema\/logo\/image\/"},"sameAs":["https:\/\/www.facebook.com\/medicalwastetransport\/"]}]}},"_links":{"self":[{"href":"https:\/\/medicalwastepuertorico.com\/en\/wp-json\/wp\/v2\/pages\/2276","targetHints":{"allow":["GET"]}}],"collection":[{"href":"https:\/\/medicalwastepuertorico.com\/en\/wp-json\/wp\/v2\/pages"}],"about":[{"href":"https:\/\/medicalwastepuertorico.com\/en\/wp-json\/wp\/v2\/types\/page"}],"author":[{"embeddable":true,"href":"https:\/\/medicalwastepuertorico.com\/en\/wp-json\/wp\/v2\/users\/1"}],"replies":[{"embeddable":true,"href":"https:\/\/medicalwastepuertorico.com\/en\/wp-json\/wp\/v2\/comments?post=2276"}],"version-history":[{"count":15,"href":"https:\/\/medicalwastepuertorico.com\/en\/wp-json\/wp\/v2\/pages\/2276\/revisions"}],"predecessor-version":[{"id":2296,"href":"https:\/\/medicalwastepuertorico.com\/en\/wp-json\/wp\/v2\/pages\/2276\/revisions\/2296"}],"wp:attachment":[{"href":"https:\/\/medicalwastepuertorico.com\/en\/wp-json\/wp\/v2\/media?parent=2276"}],"curies":[{"name":"wp","href":"https:\/\/api.w.org\/{rel}","templated":true}]}}