{"id":61,"date":"2022-11-02T18:33:20","date_gmt":"2022-11-02T18:33:20","guid":{"rendered":"https:\/\/medicalwastepuertorico.com\/medicalwastepuertorico\/?page_id=61"},"modified":"2024-10-24T13:44:33","modified_gmt":"2024-10-24T13:44:33","slug":"disposicion-de-material-decomisado","status":"publish","type":"page","link":"https:\/\/medicalwastepuertorico.com\/en\/disposicion-de-material-decomisado\/","title":{"rendered":"Dispozal of seized Material"},"content":{"rendered":"<div data-elementor-type=\"wp-page\" data-elementor-id=\"61\" class=\"elementor elementor-61\" data-elementor-settings=\"{&quot;ha_cmc_init_switcher&quot;:&quot;no&quot;}\">\n\t\t\t\t\t\t<section class=\"elementor-section elementor-top-section elementor-element elementor-element-cf00298 elementor-section-content-middle elementor-section-height-min-height elementor-section-boxed elementor-section-height-default elementor-section-items-middle\" data-id=\"cf00298\" data-element_type=\"section\" data-settings=\"{&quot;jet_parallax_layout_list&quot;:[],&quot;background_background&quot;:&quot;classic&quot;,&quot;_ha_eqh_enable&quot;:false}\">\n\t\t\t\t\t\t\t<div class=\"elementor-background-overlay\"><\/div>\n\t\t\t\t\t\t\t<div class=\"elementor-container elementor-column-gap-default\">\n\t\t\t\t\t<div class=\"elementor-column elementor-col-100 elementor-top-column elementor-element elementor-element-49d4d7e\" data-id=\"49d4d7e\" data-element_type=\"column\">\n\t\t\t<div class=\"elementor-widget-wrap elementor-element-populated\">\n\t\t\t\t\t\t<div class=\"elementor-element elementor-element-9f6cd63 elementor-widget elementor-widget-heading\" data-id=\"9f6cd63\" data-element_type=\"widget\" data-widget_type=\"heading.default\">\n\t\t\t\t<div class=\"elementor-widget-container\">\n\t\t\t\t\t<h1 class=\"elementor-heading-title elementor-size-default\">Dispozal of seized Material<\/h1>\t\t\t\t<\/div>\n\t\t\t\t<\/div>\n\t\t\t\t<div class=\"elementor-element elementor-element-fb1a165 elementor-widget-divider--view-line elementor-widget elementor-widget-divider\" data-id=\"fb1a165\" data-element_type=\"widget\" data-widget_type=\"divider.default\">\n\t\t\t\t<div class=\"elementor-widget-container\">\n\t\t\t\t\t\t\t<div class=\"elementor-divider\">\n\t\t\t<span class=\"elementor-divider-separator\">\n\t\t\t\t\t\t<\/span>\n\t\t<\/div>\n\t\t\t\t\t\t<\/div>\n\t\t\t\t<\/div>\n\t\t\t\t<div class=\"elementor-element elementor-element-6a98bc1 elementor-widget elementor-widget-heading\" data-id=\"6a98bc1\" data-element_type=\"widget\" data-widget_type=\"heading.default\">\n\t\t\t\t<div class=\"elementor-widget-container\">\n\t\t\t\t\t<h2 class=\"elementor-heading-title elementor-size-default\">35 years providing our services to all of Puerto Rico\n<\/h2>\t\t\t\t<\/div>\n\t\t\t\t<\/div>\n\t\t\t\t<div class=\"elementor-element elementor-element-f66e20c premium-lq__none elementor-widget elementor-widget-premium-addon-button\" data-id=\"f66e20c\" data-element_type=\"widget\" data-widget_type=\"premium-addon-button.default\">\n\t\t\t\t<div class=\"elementor-widget-container\">\n\t\t\t\t\t\n\n\t\t<a class=\"premium-button premium-button-none premium-btn-lg premium-button-none\" href=\"tel:787-735-2575\">\n\t\t\t<div class=\"premium-button-text-icon-wrapper\">\n\t\t\t\t\n\t\t\t\t\t\t\t\t\t<span >\n\t\t\t\t\t\tContact Us\t\t\t\t\t<\/span>\n\t\t\t\t\t\t\t<\/div>\n\n\t\t\t\n\t\t\t\n\t\t\t\n\t\t<\/a>\n\n\n\t\t\t\t\t\t<\/div>\n\t\t\t\t<\/div>\n\t\t\t\t\t<\/div>\n\t\t<\/div>\n\t\t\t\t\t<\/div>\n\t\t<\/section>\n\t\t\t\t<section class=\"elementor-section elementor-top-section elementor-element elementor-element-897e389 elementor-section-full_width elementor-section-height-min-height elementor-section-height-default elementor-section-items-middle\" data-id=\"897e389\" data-element_type=\"section\" data-settings=\"{&quot;jet_parallax_layout_list&quot;:[],&quot;background_background&quot;:&quot;classic&quot;,&quot;_ha_eqh_enable&quot;:false}\">\n\t\t\t\t\t\t<div class=\"elementor-container elementor-column-gap-default\">\n\t\t\t\t\t<div class=\"elementor-column elementor-col-100 elementor-top-column elementor-element elementor-element-3639a49\" data-id=\"3639a49\" data-element_type=\"column\">\n\t\t\t<div class=\"elementor-widget-wrap elementor-element-populated\">\n\t\t\t\t\t\t<div class=\"elementor-element elementor-element-e9b596a elementor-widget elementor-widget-heading\" data-id=\"e9b596a\" data-element_type=\"widget\" data-widget_type=\"heading.default\">\n\t\t\t\t<div class=\"elementor-widget-container\">\n\t\t\t\t\t<h2 class=\"elementor-heading-title elementor-size-default\">Certified disposal of seized material<\/h2>\t\t\t\t<\/div>\n\t\t\t\t<\/div>\n\t\t\t\t\t<\/div>\n\t\t<\/div>\n\t\t\t\t\t<\/div>\n\t\t<\/section>\n\t\t\t\t<section class=\"elementor-section elementor-top-section elementor-element elementor-element-b76be0d elementor-section-height-min-height elementor-section-boxed elementor-section-height-default elementor-section-items-middle\" data-id=\"b76be0d\" data-element_type=\"section\" data-settings=\"{&quot;jet_parallax_layout_list&quot;:[],&quot;_ha_eqh_enable&quot;:false}\">\n\t\t\t\t\t\t<div class=\"elementor-container elementor-column-gap-default\">\n\t\t\t\t\t<div class=\"elementor-column elementor-col-100 elementor-top-column elementor-element elementor-element-859015f\" data-id=\"859015f\" data-element_type=\"column\">\n\t\t\t<div class=\"elementor-widget-wrap elementor-element-populated\">\n\t\t\t\t\t\t<section class=\"elementor-section elementor-inner-section elementor-element elementor-element-657f6aa elementor-section-boxed elementor-section-height-default elementor-section-height-default\" data-id=\"657f6aa\" data-element_type=\"section\" data-settings=\"{&quot;jet_parallax_layout_list&quot;:[],&quot;_ha_eqh_enable&quot;:false}\">\n\t\t\t\t\t\t<div class=\"elementor-container elementor-column-gap-default\">\n\t\t\t\t\t<div class=\"elementor-column elementor-col-50 elementor-inner-column elementor-element elementor-element-1f23dff\" data-id=\"1f23dff\" data-element_type=\"column\">\n\t\t\t<div class=\"elementor-widget-wrap elementor-element-populated\">\n\t\t\t\t\t\t<div class=\"elementor-element elementor-element-92defbd elementor-widget elementor-widget-image\" data-id=\"92defbd\" data-element_type=\"widget\" data-widget_type=\"image.default\">\n\t\t\t\t<div class=\"elementor-widget-container\">\n\t\t\t\t\t\t\t\t\t\t\t\t\t\t\t<img fetchpriority=\"high\" decoding=\"async\" width=\"674\" height=\"444\" src=\"https:\/\/medicalwastepuertorico.com\/wp-content\/uploads\/2024\/10\/serv6.webp\" class=\"attachment-large size-large wp-image-1393\" alt=\"\" srcset=\"https:\/\/medicalwastepuertorico.com\/wp-content\/uploads\/2024\/10\/serv6.webp 674w, https:\/\/medicalwastepuertorico.com\/wp-content\/uploads\/2024\/10\/serv6-300x198.webp 300w\" sizes=\"(max-width: 674px) 100vw, 674px\" \/>\t\t\t\t\t\t\t\t\t\t\t\t\t\t\t<\/div>\n\t\t\t\t<\/div>\n\t\t\t\t<div class=\"elementor-element elementor-element-68c4a3c elementor-widget elementor-widget-image\" data-id=\"68c4a3c\" data-element_type=\"widget\" data-widget_type=\"image.default\">\n\t\t\t\t<div class=\"elementor-widget-container\">\n\t\t\t\t\t\t\t\t\t\t\t\t\t\t\t<img decoding=\"async\" width=\"300\" height=\"198\" src=\"https:\/\/medicalwastepuertorico.com\/wp-content\/uploads\/2024\/10\/serv5-300x198-1.webp\" class=\"attachment-large size-large wp-image-1389\" alt=\"\" \/>\t\t\t\t\t\t\t\t\t\t\t\t\t\t\t<\/div>\n\t\t\t\t<\/div>\n\t\t\t\t\t<\/div>\n\t\t<\/div>\n\t\t\t\t<div class=\"elementor-column elementor-col-50 elementor-inner-column elementor-element elementor-element-817640f\" data-id=\"817640f\" data-element_type=\"column\">\n\t\t\t<div class=\"elementor-widget-wrap elementor-element-populated\">\n\t\t\t\t\t\t<div class=\"elementor-element elementor-element-d194ca7 elementor-widget elementor-widget-text-editor\" data-id=\"d194ca7\" data-element_type=\"widget\" data-widget_type=\"text-editor.default\">\n\t\t\t\t<div class=\"elementor-widget-container\">\n\t\t\t\t\t\t\t\t\t<p>At Medical Transport we offer you the option of permanently destroying a variety of items that could pose a security risk such as expired or defective items or have the potential to damage your company image and\/or your brand.<\/p>\t\t\t\t\t\t\t\t<\/div>\n\t\t\t\t<\/div>\n\t\t\t\t\t<\/div>\n\t\t<\/div>\n\t\t\t\t\t<\/div>\n\t\t<\/section>\n\t\t\t\t<div class=\"elementor-element elementor-element-0a8eabc elementor-widget elementor-widget-spacer\" data-id=\"0a8eabc\" data-element_type=\"widget\" data-widget_type=\"spacer.default\">\n\t\t\t\t<div class=\"elementor-widget-container\">\n\t\t\t\t\t\t\t<div class=\"elementor-spacer\">\n\t\t\t<div class=\"elementor-spacer-inner\"><\/div>\n\t\t<\/div>\n\t\t\t\t\t\t<\/div>\n\t\t\t\t<\/div>\n\t\t\t\t<div class=\"elementor-element elementor-element-bc0d5cb elementor-widget elementor-widget-heading\" data-id=\"bc0d5cb\" data-element_type=\"widget\" data-widget_type=\"heading.default\">\n\t\t\t\t<div class=\"elementor-widget-container\">\n\t\t\t\t\t<h2 class=\"elementor-heading-title elementor-size-default\">Products that we can confiscate:<\/h2>\t\t\t\t<\/div>\n\t\t\t\t<\/div>\n\t\t\t\t<section class=\"elementor-section elementor-inner-section elementor-element elementor-element-ddf3bc2 elementor-section-boxed elementor-section-height-default elementor-section-height-default\" data-id=\"ddf3bc2\" data-element_type=\"section\" data-settings=\"{&quot;jet_parallax_layout_list&quot;:[],&quot;_ha_eqh_enable&quot;:false}\">\n\t\t\t\t\t\t<div class=\"elementor-container elementor-column-gap-default\">\n\t\t\t\t\t<div class=\"elementor-column elementor-col-33 elementor-inner-column elementor-element elementor-element-98aeacd\" data-id=\"98aeacd\" data-element_type=\"column\">\n\t\t\t<div class=\"elementor-widget-wrap elementor-element-populated\">\n\t\t\t\t\t\t<div class=\"elementor-element elementor-element-33795ab elementor-icon-list--layout-traditional elementor-list-item-link-full_width elementor-widget elementor-widget-icon-list\" data-id=\"33795ab\" data-element_type=\"widget\" data-widget_type=\"icon-list.default\">\n\t\t\t\t<div class=\"elementor-widget-container\">\n\t\t\t\t\t\t\t<ul class=\"elementor-icon-list-items\">\n\t\t\t\t\t\t\t<li class=\"elementor-icon-list-item\">\n\t\t\t\t\t\t\t\t\t\t\t<span class=\"elementor-icon-list-icon\">\n\t\t\t\t\t\t\t<i aria-hidden=\"true\" class=\"icon icon-right-arrow1\"><\/i>\t\t\t\t\t\t<\/span>\n\t\t\t\t\t\t\t\t\t\t<span class=\"elementor-icon-list-text\">Expired catheters<\/span>\n\t\t\t\t\t\t\t\t\t<\/li>\n\t\t\t\t\t\t\t\t<li class=\"elementor-icon-list-item\">\n\t\t\t\t\t\t\t\t\t\t\t<span class=\"elementor-icon-list-icon\">\n\t\t\t\t\t\t\t<i aria-hidden=\"true\" class=\"icon icon-right-arrow1\"><\/i>\t\t\t\t\t\t<\/span>\n\t\t\t\t\t\t\t\t\t\t<span class=\"elementor-icon-list-text\">Insulation waste.<\/span>\n\t\t\t\t\t\t\t\t\t<\/li>\n\t\t\t\t\t\t\t\t<li class=\"elementor-icon-list-item\">\n\t\t\t\t\t\t\t\t\t\t\t<span class=\"elementor-icon-list-icon\">\n\t\t\t\t\t\t\t<i aria-hidden=\"true\" class=\"icon icon-right-arrow1\"><\/i>\t\t\t\t\t\t<\/span>\n\t\t\t\t\t\t\t\t\t\t<span class=\"elementor-icon-list-text\">Medical devices or supplies<\/span>\n\t\t\t\t\t\t\t\t\t<\/li>\n\t\t\t\t\t\t\t\t<li class=\"elementor-icon-list-item\">\n\t\t\t\t\t\t\t\t\t\t\t<span class=\"elementor-icon-list-icon\">\n\t\t\t\t\t\t\t<i aria-hidden=\"true\" class=\"icon icon-right-arrow1\"><\/i>\t\t\t\t\t\t<\/span>\n\t\t\t\t\t\t\t\t\t\t<span class=\"elementor-icon-list-text\">Electronic equipment (E-Waste)<\/span>\n\t\t\t\t\t\t\t\t\t<\/li>\n\t\t\t\t\t\t<\/ul>\n\t\t\t\t\t\t<\/div>\n\t\t\t\t<\/div>\n\t\t\t\t\t<\/div>\n\t\t<\/div>\n\t\t\t\t<div class=\"elementor-column elementor-col-33 elementor-inner-column elementor-element elementor-element-937bf41\" data-id=\"937bf41\" data-element_type=\"column\">\n\t\t\t<div class=\"elementor-widget-wrap elementor-element-populated\">\n\t\t\t\t\t\t<div class=\"elementor-element elementor-element-a84564f elementor-icon-list--layout-traditional elementor-list-item-link-full_width elementor-widget elementor-widget-icon-list\" data-id=\"a84564f\" data-element_type=\"widget\" data-widget_type=\"icon-list.default\">\n\t\t\t\t<div class=\"elementor-widget-container\">\n\t\t\t\t\t\t\t<ul class=\"elementor-icon-list-items\">\n\t\t\t\t\t\t\t<li class=\"elementor-icon-list-item\">\n\t\t\t\t\t\t\t\t\t\t\t<span class=\"elementor-icon-list-icon\">\n\t\t\t\t\t\t\t<i aria-hidden=\"true\" class=\"icon icon-right-arrow1\"><\/i>\t\t\t\t\t\t<\/span>\n\t\t\t\t\t\t\t\t\t\t<span class=\"elementor-icon-list-text\">Pill bottles<\/span>\n\t\t\t\t\t\t\t\t\t<\/li>\n\t\t\t\t\t\t\t\t<li class=\"elementor-icon-list-item\">\n\t\t\t\t\t\t\t\t\t\t\t<span class=\"elementor-icon-list-icon\">\n\t\t\t\t\t\t\t<i aria-hidden=\"true\" class=\"icon icon-right-arrow1\"><\/i>\t\t\t\t\t\t<\/span>\n\t\t\t\t\t\t\t\t\t\t<span class=\"elementor-icon-list-text\">Expired Medications<\/span>\n\t\t\t\t\t\t\t\t\t<\/li>\n\t\t\t\t\t\t\t\t<li class=\"elementor-icon-list-item\">\n\t\t\t\t\t\t\t\t\t\t\t<span class=\"elementor-icon-list-icon\">\n\t\t\t\t\t\t\t<i aria-hidden=\"true\" class=\"icon icon-right-arrow1\"><\/i>\t\t\t\t\t\t<\/span>\n\t\t\t\t\t\t\t\t\t\t<span class=\"elementor-icon-list-text\">Expired merchandise<\/span>\n\t\t\t\t\t\t\t\t\t<\/li>\n\t\t\t\t\t\t\t\t<li class=\"elementor-icon-list-item\">\n\t\t\t\t\t\t\t\t\t\t\t<span class=\"elementor-icon-list-icon\">\n\t\t\t\t\t\t\t<i aria-hidden=\"true\" class=\"icon icon-right-arrow1\"><\/i>\t\t\t\t\t\t<\/span>\n\t\t\t\t\t\t\t\t\t\t<span class=\"elementor-icon-list-text\">Defective products<\/span>\n\t\t\t\t\t\t\t\t\t<\/li>\n\t\t\t\t\t\t<\/ul>\n\t\t\t\t\t\t<\/div>\n\t\t\t\t<\/div>\n\t\t\t\t\t<\/div>\n\t\t<\/div>\n\t\t\t\t<div class=\"elementor-column elementor-col-33 elementor-inner-column elementor-element elementor-element-e42cdb4\" data-id=\"e42cdb4\" data-element_type=\"column\">\n\t\t\t<div class=\"elementor-widget-wrap elementor-element-populated\">\n\t\t\t\t\t\t<div class=\"elementor-element elementor-element-d3a2117 elementor-icon-list--layout-traditional elementor-list-item-link-full_width elementor-widget elementor-widget-icon-list\" data-id=\"d3a2117\" data-element_type=\"widget\" data-widget_type=\"icon-list.default\">\n\t\t\t\t<div class=\"elementor-widget-container\">\n\t\t\t\t\t\t\t<ul class=\"elementor-icon-list-items\">\n\t\t\t\t\t\t\t<li class=\"elementor-icon-list-item\">\n\t\t\t\t\t\t\t\t\t\t\t<span class=\"elementor-icon-list-icon\">\n\t\t\t\t\t\t\t<i aria-hidden=\"true\" class=\"icon icon-right-arrow1\"><\/i>\t\t\t\t\t\t<\/span>\n\t\t\t\t\t\t\t\t\t\t<span class=\"elementor-icon-list-text\">Products that have your company logo<\/span>\n\t\t\t\t\t\t\t\t\t<\/li>\n\t\t\t\t\t\t\t\t<li class=\"elementor-icon-list-item\">\n\t\t\t\t\t\t\t\t\t\t\t<span class=\"elementor-icon-list-icon\">\n\t\t\t\t\t\t\t<i aria-hidden=\"true\" class=\"icon icon-right-arrow1\"><\/i>\t\t\t\t\t\t<\/span>\n\t\t\t\t\t\t\t\t\t\t<span class=\"elementor-icon-list-text\">Expired Products<\/span>\n\t\t\t\t\t\t\t\t\t<\/li>\n\t\t\t\t\t\t\t\t<li class=\"elementor-icon-list-item\">\n\t\t\t\t\t\t\t\t\t\t\t<span class=\"elementor-icon-list-icon\">\n\t\t\t\t\t\t\t<i aria-hidden=\"true\" class=\"icon icon-right-arrow1\"><\/i>\t\t\t\t\t\t<\/span>\n\t\t\t\t\t\t\t\t\t\t<span class=\"elementor-icon-list-text\">ID cards<\/span>\n\t\t\t\t\t\t\t\t\t<\/li>\n\t\t\t\t\t\t<\/ul>\n\t\t\t\t\t\t<\/div>\n\t\t\t\t<\/div>\n\t\t\t\t\t<\/div>\n\t\t<\/div>\n\t\t\t\t\t<\/div>\n\t\t<\/section>\n\t\t\t\t<div class=\"elementor-element elementor-element-6eebff1 elementor-widget elementor-widget-spacer\" data-id=\"6eebff1\" data-element_type=\"widget\" data-widget_type=\"spacer.default\">\n\t\t\t\t<div class=\"elementor-widget-container\">\n\t\t\t\t\t\t\t<div class=\"elementor-spacer\">\n\t\t\t<div class=\"elementor-spacer-inner\"><\/div>\n\t\t<\/div>\n\t\t\t\t\t\t<\/div>\n\t\t\t\t<\/div>\n\t\t\t\t<div class=\"elementor-element elementor-element-2ecd0d3 elementor-widget elementor-widget-heading\" data-id=\"2ecd0d3\" data-element_type=\"widget\" data-widget_type=\"heading.default\">\n\t\t\t\t<div class=\"elementor-widget-container\">\n\t\t\t\t\t<h2 class=\"elementor-heading-title elementor-size-default\">Maintain your reputation with your customers by correctly disposing of these products or documents<\/h2>\t\t\t\t<\/div>\n\t\t\t\t<\/div>\n\t\t\t\t\t<\/div>\n\t\t<\/div>\n\t\t\t\t\t<\/div>\n\t\t<\/section>\n\t\t\t\t<\/div>","protected":false},"excerpt":{"rendered":"<p>Disposici\u00f3n de Material Decomisado 35 an\u0303os brindando nuestros servicios a todo Puerto Rico \u00a1Cont\u00e1ctenos! Disposici\u00f3n certificada de material decomisado En Medical Transport te ofrecemos la opci\u00f3n de destruir de manera permanente una variedad de art\u00edculos que podr\u00edan representar un riesgo para la seguridad como art\u00edculos caducados o defectuosos o que tienen el potencial de da\u00f1ar [&hellip;]<\/p>","protected":false},"author":1,"featured_media":0,"parent":0,"menu_order":0,"comment_status":"closed","ping_status":"closed","template":"elementor_header_footer","meta":{"_joinchat":[],"footnotes":""},"class_list":["post-61","page","type-page","status-publish","hentry"],"yoast_head":"<!-- This site is optimized with the Yoast SEO plugin v26.7 - https:\/\/yoast.com\/wordpress\/plugins\/seo\/ -->\n<title>Desechos m\u00e9dicos | Medical Waste Transport Inc | PR<\/title>\n<meta name=\"description\" content=\"Somos expertos en la gesti\u00f3n de desechos m\u00e9dicos, ofreciendo un enfoque sostenible y responsable en cada etapa del proceso...\" \/>\n<meta name=\"robots\" content=\"index, follow, max-snippet:-1, max-image-preview:large, max-video-preview:-1\" \/>\n<link rel=\"canonical\" href=\"https:\/\/medicalwastepuertorico.com\/en\/disposicion-de-material-decomisado\/\" \/>\n<meta property=\"og:locale\" content=\"en_US\" \/>\n<meta property=\"og:type\" content=\"article\" \/>\n<meta property=\"og:title\" content=\"Desechos m\u00e9dicos | Medical Waste Transport Inc | PR\" \/>\n<meta property=\"og:description\" content=\"Somos expertos en la gesti\u00f3n de desechos m\u00e9dicos, ofreciendo un enfoque sostenible y responsable en cada etapa del proceso...\" \/>\n<meta property=\"og:url\" content=\"https:\/\/medicalwastepuertorico.com\/en\/disposicion-de-material-decomisado\/\" \/>\n<meta property=\"og:site_name\" content=\"Medical Waste Transport Inc\" \/>\n<meta property=\"article:publisher\" content=\"https:\/\/www.facebook.com\/medicalwastetransport\/\" \/>\n<meta property=\"article:modified_time\" content=\"2024-10-24T13:44:33+00:00\" \/>\n<meta property=\"og:image\" content=\"https:\/\/medicalwastepuertorico.com\/wp-content\/uploads\/2024\/10\/serv6.webp\" \/>\n<meta name=\"twitter:card\" content=\"summary_large_image\" \/>\n<meta name=\"twitter:label1\" content=\"Est. reading time\" \/>\n\t<meta name=\"twitter:data1\" content=\"1 minute\" \/>\n<script type=\"application\/ld+json\" class=\"yoast-schema-graph\">{\"@context\":\"https:\/\/schema.org\",\"@graph\":[{\"@type\":\"WebPage\",\"@id\":\"https:\/\/medicalwastepuertorico.com\/en\/disposicion-de-material-decomisado\/\",\"url\":\"https:\/\/medicalwastepuertorico.com\/en\/disposicion-de-material-decomisado\/\",\"name\":\"Desechos m\u00e9dicos | Medical Waste Transport Inc | PR\",\"isPartOf\":{\"@id\":\"https:\/\/medicalwastepuertorico.com\/#website\"},\"primaryImageOfPage\":{\"@id\":\"https:\/\/medicalwastepuertorico.com\/en\/disposicion-de-material-decomisado\/#primaryimage\"},\"image\":{\"@id\":\"https:\/\/medicalwastepuertorico.com\/en\/disposicion-de-material-decomisado\/#primaryimage\"},\"thumbnailUrl\":\"https:\/\/medicalwastepuertorico.com\/wp-content\/uploads\/2024\/10\/serv6.webp\",\"datePublished\":\"2022-11-02T18:33:20+00:00\",\"dateModified\":\"2024-10-24T13:44:33+00:00\",\"description\":\"Somos expertos en la gesti\u00f3n de desechos m\u00e9dicos, ofreciendo un enfoque sostenible y responsable en cada etapa del proceso...\",\"breadcrumb\":{\"@id\":\"https:\/\/medicalwastepuertorico.com\/en\/disposicion-de-material-decomisado\/#breadcrumb\"},\"inLanguage\":\"en-US\",\"potentialAction\":[{\"@type\":\"ReadAction\",\"target\":[\"https:\/\/medicalwastepuertorico.com\/en\/disposicion-de-material-decomisado\/\"]}]},{\"@type\":\"ImageObject\",\"inLanguage\":\"en-US\",\"@id\":\"https:\/\/medicalwastepuertorico.com\/en\/disposicion-de-material-decomisado\/#primaryimage\",\"url\":\"https:\/\/medicalwastepuertorico.com\/wp-content\/uploads\/2024\/10\/serv6.webp\",\"contentUrl\":\"https:\/\/medicalwastepuertorico.com\/wp-content\/uploads\/2024\/10\/serv6.webp\"},{\"@type\":\"BreadcrumbList\",\"@id\":\"https:\/\/medicalwastepuertorico.com\/en\/disposicion-de-material-decomisado\/#breadcrumb\",\"itemListElement\":[{\"@type\":\"ListItem\",\"position\":1,\"name\":\"Home\",\"item\":\"https:\/\/medicalwastepuertorico.com\/\"},{\"@type\":\"ListItem\",\"position\":2,\"name\":\"Disposici\u00f3n de Material Decomisado\"}]},{\"@type\":\"WebSite\",\"@id\":\"https:\/\/medicalwastepuertorico.com\/#website\",\"url\":\"https:\/\/medicalwastepuertorico.com\/\",\"name\":\"Medical Waste Transport Inc\",\"description\":\"Desechos m\u00e9dicos\",\"publisher\":{\"@id\":\"https:\/\/medicalwastepuertorico.com\/#organization\"},\"potentialAction\":[{\"@type\":\"SearchAction\",\"target\":{\"@type\":\"EntryPoint\",\"urlTemplate\":\"https:\/\/medicalwastepuertorico.com\/?s={search_term_string}\"},\"query-input\":{\"@type\":\"PropertyValueSpecification\",\"valueRequired\":true,\"valueName\":\"search_term_string\"}}],\"inLanguage\":\"en-US\"},{\"@type\":\"Organization\",\"@id\":\"https:\/\/medicalwastepuertorico.com\/#organization\",\"name\":\"Medical Waste Transport Inc\",\"url\":\"https:\/\/medicalwastepuertorico.com\/\",\"logo\":{\"@type\":\"ImageObject\",\"inLanguage\":\"en-US\",\"@id\":\"https:\/\/medicalwastepuertorico.com\/#\/schema\/logo\/image\/\",\"url\":\"https:\/\/medicalwastepuertorico.com\/wp-content\/uploads\/2022\/11\/cropped-favicon-1.png\",\"contentUrl\":\"https:\/\/medicalwastepuertorico.com\/wp-content\/uploads\/2022\/11\/cropped-favicon-1.png\",\"width\":512,\"height\":512,\"caption\":\"Medical Waste Transport Inc\"},\"image\":{\"@id\":\"https:\/\/medicalwastepuertorico.com\/#\/schema\/logo\/image\/\"},\"sameAs\":[\"https:\/\/www.facebook.com\/medicalwastetransport\/\"]}]}<\/script>\n<!-- \/ Yoast SEO plugin. -->","yoast_head_json":{"title":"Desechos m\u00e9dicos | Medical Waste Transport Inc | PR","description":"Somos expertos en la gesti\u00f3n de desechos m\u00e9dicos, ofreciendo un enfoque sostenible y responsable en cada etapa del proceso...","robots":{"index":"index","follow":"follow","max-snippet":"max-snippet:-1","max-image-preview":"max-image-preview:large","max-video-preview":"max-video-preview:-1"},"canonical":"https:\/\/medicalwastepuertorico.com\/en\/disposicion-de-material-decomisado\/","og_locale":"en_US","og_type":"article","og_title":"Desechos m\u00e9dicos | Medical Waste Transport Inc | PR","og_description":"Somos expertos en la gesti\u00f3n de desechos m\u00e9dicos, ofreciendo un enfoque sostenible y responsable en cada etapa del proceso...","og_url":"https:\/\/medicalwastepuertorico.com\/en\/disposicion-de-material-decomisado\/","og_site_name":"Medical Waste Transport Inc","article_publisher":"https:\/\/www.facebook.com\/medicalwastetransport\/","article_modified_time":"2024-10-24T13:44:33+00:00","og_image":[{"url":"https:\/\/medicalwastepuertorico.com\/wp-content\/uploads\/2024\/10\/serv6.webp","type":"","width":"","height":""}],"twitter_card":"summary_large_image","twitter_misc":{"Est. reading time":"1 minute"},"schema":{"@context":"https:\/\/schema.org","@graph":[{"@type":"WebPage","@id":"https:\/\/medicalwastepuertorico.com\/en\/disposicion-de-material-decomisado\/","url":"https:\/\/medicalwastepuertorico.com\/en\/disposicion-de-material-decomisado\/","name":"Desechos m\u00e9dicos | Medical Waste Transport Inc | PR","isPartOf":{"@id":"https:\/\/medicalwastepuertorico.com\/#website"},"primaryImageOfPage":{"@id":"https:\/\/medicalwastepuertorico.com\/en\/disposicion-de-material-decomisado\/#primaryimage"},"image":{"@id":"https:\/\/medicalwastepuertorico.com\/en\/disposicion-de-material-decomisado\/#primaryimage"},"thumbnailUrl":"https:\/\/medicalwastepuertorico.com\/wp-content\/uploads\/2024\/10\/serv6.webp","datePublished":"2022-11-02T18:33:20+00:00","dateModified":"2024-10-24T13:44:33+00:00","description":"Somos expertos en la gesti\u00f3n de desechos m\u00e9dicos, ofreciendo un enfoque sostenible y responsable en cada etapa del proceso...","breadcrumb":{"@id":"https:\/\/medicalwastepuertorico.com\/en\/disposicion-de-material-decomisado\/#breadcrumb"},"inLanguage":"en-US","potentialAction":[{"@type":"ReadAction","target":["https:\/\/medicalwastepuertorico.com\/en\/disposicion-de-material-decomisado\/"]}]},{"@type":"ImageObject","inLanguage":"en-US","@id":"https:\/\/medicalwastepuertorico.com\/en\/disposicion-de-material-decomisado\/#primaryimage","url":"https:\/\/medicalwastepuertorico.com\/wp-content\/uploads\/2024\/10\/serv6.webp","contentUrl":"https:\/\/medicalwastepuertorico.com\/wp-content\/uploads\/2024\/10\/serv6.webp"},{"@type":"BreadcrumbList","@id":"https:\/\/medicalwastepuertorico.com\/en\/disposicion-de-material-decomisado\/#breadcrumb","itemListElement":[{"@type":"ListItem","position":1,"name":"Home","item":"https:\/\/medicalwastepuertorico.com\/"},{"@type":"ListItem","position":2,"name":"Disposici\u00f3n de Material Decomisado"}]},{"@type":"WebSite","@id":"https:\/\/medicalwastepuertorico.com\/#website","url":"https:\/\/medicalwastepuertorico.com\/","name":"Medical Waste Transport Inc","description":"Desechos m\u00e9dicos","publisher":{"@id":"https:\/\/medicalwastepuertorico.com\/#organization"},"potentialAction":[{"@type":"SearchAction","target":{"@type":"EntryPoint","urlTemplate":"https:\/\/medicalwastepuertorico.com\/?s={search_term_string}"},"query-input":{"@type":"PropertyValueSpecification","valueRequired":true,"valueName":"search_term_string"}}],"inLanguage":"en-US"},{"@type":"Organization","@id":"https:\/\/medicalwastepuertorico.com\/#organization","name":"Medical Waste Transport Inc","url":"https:\/\/medicalwastepuertorico.com\/","logo":{"@type":"ImageObject","inLanguage":"en-US","@id":"https:\/\/medicalwastepuertorico.com\/#\/schema\/logo\/image\/","url":"https:\/\/medicalwastepuertorico.com\/wp-content\/uploads\/2022\/11\/cropped-favicon-1.png","contentUrl":"https:\/\/medicalwastepuertorico.com\/wp-content\/uploads\/2022\/11\/cropped-favicon-1.png","width":512,"height":512,"caption":"Medical Waste Transport Inc"},"image":{"@id":"https:\/\/medicalwastepuertorico.com\/#\/schema\/logo\/image\/"},"sameAs":["https:\/\/www.facebook.com\/medicalwastetransport\/"]}]}},"_links":{"self":[{"href":"https:\/\/medicalwastepuertorico.com\/en\/wp-json\/wp\/v2\/pages\/61","targetHints":{"allow":["GET"]}}],"collection":[{"href":"https:\/\/medicalwastepuertorico.com\/en\/wp-json\/wp\/v2\/pages"}],"about":[{"href":"https:\/\/medicalwastepuertorico.com\/en\/wp-json\/wp\/v2\/types\/page"}],"author":[{"embeddable":true,"href":"https:\/\/medicalwastepuertorico.com\/en\/wp-json\/wp\/v2\/users\/1"}],"replies":[{"embeddable":true,"href":"https:\/\/medicalwastepuertorico.com\/en\/wp-json\/wp\/v2\/comments?post=61"}],"version-history":[{"count":53,"href":"https:\/\/medicalwastepuertorico.com\/en\/wp-json\/wp\/v2\/pages\/61\/revisions"}],"predecessor-version":[{"id":1559,"href":"https:\/\/medicalwastepuertorico.com\/en\/wp-json\/wp\/v2\/pages\/61\/revisions\/1559"}],"wp:attachment":[{"href":"https:\/\/medicalwastepuertorico.com\/en\/wp-json\/wp\/v2\/media?parent=61"}],"curies":[{"name":"wp","href":"https:\/\/api.w.org\/{rel}","templated":true}]}}