{"id":66,"date":"2022-11-02T18:36:22","date_gmt":"2022-11-02T18:36:22","guid":{"rendered":"https:\/\/medicalwastepuertorico.com\/medicalwastepuertorico\/?page_id=66"},"modified":"2024-12-11T18:31:26","modified_gmt":"2024-12-11T18:31:26","slug":"contactanos","status":"publish","type":"page","link":"https:\/\/medicalwastepuertorico.com\/en\/contactanos\/","title":{"rendered":"Contact Us"},"content":{"rendered":"<div data-elementor-type=\"wp-page\" data-elementor-id=\"66\" class=\"elementor elementor-66\" data-elementor-settings=\"{&quot;ha_cmc_init_switcher&quot;:&quot;no&quot;}\">\n\t\t\t\t\t\t<section class=\"elementor-section elementor-top-section elementor-element elementor-element-40709b1 elementor-section-content-middle elementor-section-height-min-height elementor-section-boxed elementor-section-height-default elementor-section-items-middle\" data-id=\"40709b1\" data-element_type=\"section\" data-settings=\"{&quot;jet_parallax_layout_list&quot;:[],&quot;background_background&quot;:&quot;classic&quot;,&quot;_ha_eqh_enable&quot;:false}\">\n\t\t\t\t\t\t\t<div class=\"elementor-background-overlay\"><\/div>\n\t\t\t\t\t\t\t<div class=\"elementor-container elementor-column-gap-default\">\n\t\t\t\t\t<div class=\"elementor-column elementor-col-100 elementor-top-column elementor-element elementor-element-7fda2ad\" data-id=\"7fda2ad\" data-element_type=\"column\">\n\t\t\t<div class=\"elementor-widget-wrap elementor-element-populated\">\n\t\t\t\t\t\t<div class=\"elementor-element elementor-element-1403e05 elementor-widget elementor-widget-heading\" data-id=\"1403e05\" data-element_type=\"widget\" data-widget_type=\"heading.default\">\n\t\t\t\t<div class=\"elementor-widget-container\">\n\t\t\t\t\t<h1 class=\"elementor-heading-title elementor-size-default\">Contact<\/h1>\t\t\t\t<\/div>\n\t\t\t\t<\/div>\n\t\t\t\t<div class=\"elementor-element elementor-element-b9db49a elementor-widget-divider--view-line elementor-widget elementor-widget-divider\" data-id=\"b9db49a\" data-element_type=\"widget\" data-widget_type=\"divider.default\">\n\t\t\t\t<div class=\"elementor-widget-container\">\n\t\t\t\t\t\t\t<div class=\"elementor-divider\">\n\t\t\t<span class=\"elementor-divider-separator\">\n\t\t\t\t\t\t<\/span>\n\t\t<\/div>\n\t\t\t\t\t\t<\/div>\n\t\t\t\t<\/div>\n\t\t\t\t<div class=\"elementor-element elementor-element-c8e222c elementor-widget elementor-widget-heading\" data-id=\"c8e222c\" data-element_type=\"widget\" data-widget_type=\"heading.default\">\n\t\t\t\t<div class=\"elementor-widget-container\">\n\t\t\t\t\t<h2 class=\"elementor-heading-title elementor-size-default\">35 years providing our services to all of Puerto Rico\n<\/h2>\t\t\t\t<\/div>\n\t\t\t\t<\/div>\n\t\t\t\t<div class=\"elementor-element elementor-element-3a170c9 premium-lq__none elementor-widget elementor-widget-premium-addon-button\" data-id=\"3a170c9\" data-element_type=\"widget\" data-widget_type=\"premium-addon-button.default\">\n\t\t\t\t<div class=\"elementor-widget-container\">\n\t\t\t\t\t\n\n\t\t<a class=\"premium-button premium-button-none premium-btn-lg premium-button-none\" href=\"tel:787-735-2575\">\n\t\t\t<div class=\"premium-button-text-icon-wrapper\">\n\t\t\t\t\n\t\t\t\t\t\t\t\t\t<span >\n\t\t\t\t\t\tContact Us\t\t\t\t\t<\/span>\n\t\t\t\t\t\t\t<\/div>\n\n\t\t\t\n\t\t\t\n\t\t\t\n\t\t<\/a>\n\n\n\t\t\t\t\t\t<\/div>\n\t\t\t\t<\/div>\n\t\t\t\t\t<\/div>\n\t\t<\/div>\n\t\t\t\t\t<\/div>\n\t\t<\/section>\n\t\t\t\t<section class=\"elementor-section elementor-top-section elementor-element elementor-element-0ea81d3 elementor-section-height-min-height elementor-section-boxed elementor-section-height-default elementor-section-items-middle\" data-id=\"0ea81d3\" data-element_type=\"section\" data-settings=\"{&quot;jet_parallax_layout_list&quot;:[],&quot;_ha_eqh_enable&quot;:false}\">\n\t\t\t\t\t\t<div class=\"elementor-container elementor-column-gap-default\">\n\t\t\t\t\t<div class=\"elementor-column elementor-col-100 elementor-top-column elementor-element elementor-element-0302c0d\" data-id=\"0302c0d\" data-element_type=\"column\">\n\t\t\t<div class=\"elementor-widget-wrap elementor-element-populated\">\n\t\t\t\t\t\t<div class=\"elementor-element elementor-element-e04dc94 elementor-widget elementor-widget-heading\" data-id=\"e04dc94\" data-element_type=\"widget\" data-widget_type=\"heading.default\">\n\t\t\t\t<div class=\"elementor-widget-container\">\n\t\t\t\t\t<h2 class=\"elementor-heading-title elementor-size-default\">Call us or write us and request your FREE quote! <\/h2>\t\t\t\t<\/div>\n\t\t\t\t<\/div>\n\t\t\t\t<div class=\"elementor-element elementor-element-44bbf47 elementor-align-center elementor-list-item-link-inline elementor-icon-list--layout-traditional elementor-widget elementor-widget-icon-list\" data-id=\"44bbf47\" data-element_type=\"widget\" data-widget_type=\"icon-list.default\">\n\t\t\t\t<div class=\"elementor-widget-container\">\n\t\t\t\t\t\t\t<ul class=\"elementor-icon-list-items\">\n\t\t\t\t\t\t\t<li class=\"elementor-icon-list-item\">\n\t\t\t\t\t\t\t\t\t\t\t<a href=\"tel:787-735-2575\">\n\n\t\t\t\t\t\t\t\t\t\t\t\t<span class=\"elementor-icon-list-icon\">\n\t\t\t\t\t\t\t<i aria-hidden=\"true\" class=\"fas fa-phone-alt\"><\/i>\t\t\t\t\t\t<\/span>\n\t\t\t\t\t\t\t\t\t\t<span class=\"elementor-icon-list-text\"> 787-735-2575<\/span>\n\t\t\t\t\t\t\t\t\t\t\t<\/a>\n\t\t\t\t\t\t\t\t\t<\/li>\n\t\t\t\t\t\t<\/ul>\n\t\t\t\t\t\t<\/div>\n\t\t\t\t<\/div>\n\t\t\t\t<section class=\"elementor-section elementor-inner-section elementor-element elementor-element-f87dc21 elementor-section-boxed elementor-section-height-default elementor-section-height-default\" data-id=\"f87dc21\" data-element_type=\"section\" data-settings=\"{&quot;jet_parallax_layout_list&quot;:[],&quot;_ha_eqh_enable&quot;:false}\">\n\t\t\t\t\t\t<div class=\"elementor-container elementor-column-gap-default\">\n\t\t\t\t\t<div class=\"elementor-column elementor-col-50 elementor-inner-column elementor-element elementor-element-6b4d0a7\" data-id=\"6b4d0a7\" data-element_type=\"column\">\n\t\t\t<div class=\"elementor-widget-wrap elementor-element-populated\">\n\t\t\t\t\t\t<div class=\"elementor-element elementor-element-1461730 elementor-align-center elementor-tablet-align-center elementor-icon-list--layout-traditional elementor-list-item-link-full_width elementor-widget elementor-widget-icon-list\" data-id=\"1461730\" data-element_type=\"widget\" data-widget_type=\"icon-list.default\">\n\t\t\t\t<div class=\"elementor-widget-container\">\n\t\t\t\t\t\t\t<ul class=\"elementor-icon-list-items\">\n\t\t\t\t\t\t\t<li class=\"elementor-icon-list-item\">\n\t\t\t\t\t\t\t\t\t\t\t<span class=\"elementor-icon-list-icon\">\n\t\t\t\t\t\t\t<i aria-hidden=\"true\" class=\"fas fa-map-marker-alt\"><\/i>\t\t\t\t\t\t<\/span>\n\t\t\t\t\t\t\t\t\t\t<span class=\"elementor-icon-list-text\">Carr. 725 km. 0.4 Parque Industrial Bo. Llanos Aibonito<\/span>\n\t\t\t\t\t\t\t\t\t<\/li>\n\t\t\t\t\t\t<\/ul>\n\t\t\t\t\t\t<\/div>\n\t\t\t\t<\/div>\n\t\t\t\t\t<\/div>\n\t\t<\/div>\n\t\t\t\t<div class=\"elementor-column elementor-col-50 elementor-inner-column elementor-element elementor-element-7a8dfc0\" data-id=\"7a8dfc0\" data-element_type=\"column\">\n\t\t\t<div class=\"elementor-widget-wrap elementor-element-populated\">\n\t\t\t\t\t\t<div class=\"elementor-element elementor-element-3e41d4a elementor-list-item-link-inline elementor-align-center elementor-icon-list--layout-traditional elementor-widget elementor-widget-icon-list\" data-id=\"3e41d4a\" data-element_type=\"widget\" data-widget_type=\"icon-list.default\">\n\t\t\t\t<div class=\"elementor-widget-container\">\n\t\t\t\t\t\t\t<ul class=\"elementor-icon-list-items\">\n\t\t\t\t\t\t\t<li class=\"elementor-icon-list-item\">\n\t\t\t\t\t\t\t\t\t\t\t<a href=\"mailto:info@medicalwastetransportpr.com\" target=\"_blank\">\n\n\t\t\t\t\t\t\t\t\t\t\t\t<span class=\"elementor-icon-list-icon\">\n\t\t\t\t\t\t\t<i aria-hidden=\"true\" class=\"fas fa-envelope\"><\/i>\t\t\t\t\t\t<\/span>\n\t\t\t\t\t\t\t\t\t\t<span class=\"elementor-icon-list-text\">info@medicalwastetransportpr.com<\/span>\n\t\t\t\t\t\t\t\t\t\t\t<\/a>\n\t\t\t\t\t\t\t\t\t<\/li>\n\t\t\t\t\t\t<\/ul>\n\t\t\t\t\t\t<\/div>\n\t\t\t\t<\/div>\n\t\t\t\t\t<\/div>\n\t\t<\/div>\n\t\t\t\t\t<\/div>\n\t\t<\/section>\n\t\t\t\t<div class=\"elementor-element elementor-element-ba7ac80 ha-form-btn--center elementor-widget elementor-widget-ha-wpform happy-addon ha-wpform\" data-id=\"ba7ac80\" data-element_type=\"widget\" data-widget_type=\"ha-wpform.default\">\n\t\t\t\t<div class=\"elementor-widget-container\">\n\t\t\t\t\t<div class=\"wpforms-container wpforms-container-full\" id=\"wpforms-502\"><form id=\"wpforms-form-502\" class=\"wpforms-validate wpforms-form wpforms-ajax-form\" data-formid=\"502\" method=\"post\" enctype=\"multipart\/form-data\" action=\"\/en\/wp-json\/wp\/v2\/pages\/66\" data-token=\"3ff74619dfac12515c79e6a5fddfe218\" data-token-time=\"1776624500\" data-trp-original-action=\"\/en\/wp-json\/wp\/v2\/pages\/66\"><noscript class=\"wpforms-error-noscript\">Please enable JavaScript in your browser to complete this form.<\/noscript><div class=\"wpforms-field-container\"><div id=\"wpforms-502-field_1-container\" class=\"wpforms-field wpforms-field-name\" data-field-id=\"1\"><label class=\"wpforms-field-label wpforms-label-hide\" for=\"wpforms-502-field_1\">Nombre <span class=\"wpforms-required-label\">*<\/span><\/label><div class=\"wpforms-field-row wpforms-field-large\"><div class=\"wpforms-field-row-block wpforms-first wpforms-one-half\"><input type=\"text\" id=\"wpforms-502-field_1\" class=\"wpforms-field-name-first wpforms-field-required\" name=\"wpforms[fields][1][first]\" placeholder=\"Nombre\" required><label for=\"wpforms-502-field_1\" class=\"wpforms-field-sublabel after wpforms-sublabel-hide\">First<\/label><\/div><div class=\"wpforms-field-row-block wpforms-one-half\"><input type=\"text\" id=\"wpforms-502-field_1-last\" class=\"wpforms-field-name-last wpforms-field-required\" name=\"wpforms[fields][1][last]\" placeholder=\"Apellido\" required><label for=\"wpforms-502-field_1-last\" class=\"wpforms-field-sublabel after wpforms-sublabel-hide\">Last<\/label><\/div><\/div><\/div><div id=\"wpforms-502-field_2-container\" class=\"wpforms-field wpforms-field-email wpforms-one-half wpforms-first\" data-field-id=\"2\"><label class=\"wpforms-field-label wpforms-label-hide\" for=\"wpforms-502-field_2\">Email <span class=\"wpforms-required-label\">*<\/span><\/label><input type=\"email\" id=\"wpforms-502-field_2\" class=\"wpforms-field-large wpforms-field-required\" name=\"wpforms[fields][2]\" placeholder=\"Email\" spellcheck=\"false\" required><\/div><div id=\"wpforms-502-field_3-container\" class=\"wpforms-field wpforms-field-text wpforms-one-half\" data-field-id=\"3\"><label class=\"wpforms-field-label wpforms-label-hide\" for=\"wpforms-502-field_3\">Tel\u00e9fono<\/label><input type=\"text\" id=\"wpforms-502-field_3\" class=\"wpforms-field-large wpforms-masked-input\" data-rule-inputmask-incomplete=\"1\" data-inputmask-mask=\"(999)-999-9999\" name=\"wpforms[fields][3]\" placeholder=\"Tel\u00e9fono\" ><\/div><div id=\"wpforms-502-field_4-container\" class=\"wpforms-field wpforms-field-textarea\" data-field-id=\"4\"><label class=\"wpforms-field-label wpforms-label-hide\" for=\"wpforms-502-field_4\">Mensaje <span class=\"wpforms-required-label\">*<\/span><\/label><textarea id=\"wpforms-502-field_4\" class=\"wpforms-field-large wpforms-field-required\" name=\"wpforms[fields][4]\" placeholder=\"Mensaje\" required><\/textarea><\/div><\/div><!-- .wpforms-field-container --><div class=\"wpforms-recaptcha-container wpforms-is-recaptcha wpforms-is-recaptcha-type-v3\" ><input type=\"hidden\" name=\"wpforms[recaptcha]\" value=\"\"><\/div><div class=\"wpforms-submit-container\" ><input type=\"hidden\" name=\"wpforms[id]\" value=\"502\"><input type=\"hidden\" name=\"page_title\" value=\"\"><input type=\"hidden\" name=\"page_url\" value=\"https:\/\/medicalwastepuertorico.com\/en\/wp-json\/wp\/v2\/pages\/66\"><input type=\"hidden\" name=\"url_referer\" value=\"\"><button type=\"submit\" name=\"wpforms[submit]\" id=\"wpforms-submit-502\" class=\"wpforms-submit\" data-alt-text=\"Sending...\" data-submit-text=\"Enviar\" aria-live=\"assertive\" value=\"wpforms-submit\">Submit<\/button><img decoding=\"async\" src=\"https:\/\/medicalwastepuertorico.com\/wp-content\/plugins\/wpforms\/assets\/images\/submit-spin.svg\" class=\"wpforms-submit-spinner\" style=\"display: none;\" width=\"26\" height=\"26\" alt=\"Loading\"><\/div><input type=\"hidden\" name=\"trp-form-language\" value=\"en\"\/><\/form><\/div>  <!-- .wpforms-container -->\t\t\t\t<\/div>\n\t\t\t\t<\/div>\n\t\t\t\t\t<\/div>\n\t\t<\/div>\n\t\t\t\t\t<\/div>\n\t\t<\/section>\n\t\t\t\t<\/div>","protected":false},"excerpt":{"rendered":"<p>Contacto 35 an\u0303os brindando nuestros servicios a todo Puerto Rico \u00a1Cont\u00e1ctenos! \u00a1Ll\u00e1manos o escr\u00edbenos y solicita tu cotizaci\u00f3n GRATIS! 787-735-2575 Carr. 725 km. 0.4 Parque Industrial Bo. Llanos Aibonito info@medicalwastetransportpr.com Please enable JavaScript in your browser to complete this form.Nombre *FirstLastEmail *Tel\u00e9fonoMensaje * Enviar<\/p>","protected":false},"author":1,"featured_media":0,"parent":0,"menu_order":0,"comment_status":"closed","ping_status":"closed","template":"elementor_header_footer","meta":{"_joinchat":[],"footnotes":""},"class_list":["post-66","page","type-page","status-publish","hentry"],"yoast_head":"<!-- This site is optimized with the Yoast SEO plugin v26.7 - https:\/\/yoast.com\/wordpress\/plugins\/seo\/ -->\n<title>Desechos m\u00e9dicos | Medical Waste Transport Inc | PR<\/title>\n<meta name=\"description\" content=\"Somos expertos en la gesti\u00f3n de desechos m\u00e9dicos, ofreciendo un enfoque sostenible y responsable en cada etapa del proceso...\" \/>\n<meta name=\"robots\" content=\"index, follow, max-snippet:-1, max-image-preview:large, max-video-preview:-1\" \/>\n<link rel=\"canonical\" href=\"https:\/\/medicalwastepuertorico.com\/en\/contactanos\/\" \/>\n<meta property=\"og:locale\" content=\"en_US\" \/>\n<meta property=\"og:type\" content=\"article\" \/>\n<meta property=\"og:title\" content=\"Desechos m\u00e9dicos | Medical Waste Transport Inc | PR\" \/>\n<meta property=\"og:description\" content=\"Somos expertos en la gesti\u00f3n de desechos m\u00e9dicos, ofreciendo un enfoque sostenible y responsable en cada etapa del proceso...\" \/>\n<meta property=\"og:url\" content=\"https:\/\/medicalwastepuertorico.com\/en\/contactanos\/\" \/>\n<meta property=\"og:site_name\" content=\"Medical Waste Transport Inc\" \/>\n<meta property=\"article:publisher\" content=\"https:\/\/www.facebook.com\/medicalwastetransport\/\" \/>\n<meta property=\"article:modified_time\" content=\"2024-12-11T18:31:26+00:00\" \/>\n<meta property=\"og:image\" content=\"https:\/\/medicalwastepuertorico.com\/wp-content\/plugins\/wpforms-lite\/assets\/images\/submit-spin.svg\" \/>\n<meta name=\"twitter:card\" content=\"summary_large_image\" \/>\n<meta name=\"twitter:label1\" content=\"Est. reading time\" \/>\n\t<meta name=\"twitter:data1\" content=\"1 minute\" \/>\n<script type=\"application\/ld+json\" class=\"yoast-schema-graph\">{\"@context\":\"https:\/\/schema.org\",\"@graph\":[{\"@type\":\"WebPage\",\"@id\":\"https:\/\/medicalwastepuertorico.com\/contactanos\/\",\"url\":\"https:\/\/medicalwastepuertorico.com\/contactanos\/\",\"name\":\"Desechos m\u00e9dicos | Medical Waste Transport Inc | PR\",\"isPartOf\":{\"@id\":\"https:\/\/medicalwastepuertorico.com\/#website\"},\"primaryImageOfPage\":{\"@id\":\"https:\/\/medicalwastepuertorico.com\/contactanos\/#primaryimage\"},\"image\":{\"@id\":\"https:\/\/medicalwastepuertorico.com\/contactanos\/#primaryimage\"},\"thumbnailUrl\":\"https:\/\/medicalwastepuertorico.com\/wp-content\/plugins\/wpforms-lite\/assets\/images\/submit-spin.svg\",\"datePublished\":\"2022-11-02T18:36:22+00:00\",\"dateModified\":\"2024-12-11T18:31:26+00:00\",\"description\":\"Somos expertos en la gesti\u00f3n de desechos m\u00e9dicos, ofreciendo un enfoque sostenible y responsable en cada etapa del proceso...\",\"breadcrumb\":{\"@id\":\"https:\/\/medicalwastepuertorico.com\/contactanos\/#breadcrumb\"},\"inLanguage\":\"en-US\",\"potentialAction\":[{\"@type\":\"ReadAction\",\"target\":[\"https:\/\/medicalwastepuertorico.com\/contactanos\/\"]}]},{\"@type\":\"ImageObject\",\"inLanguage\":\"en-US\",\"@id\":\"https:\/\/medicalwastepuertorico.com\/contactanos\/#primaryimage\",\"url\":\"https:\/\/medicalwastepuertorico.com\/wp-content\/plugins\/wpforms-lite\/assets\/images\/submit-spin.svg\",\"contentUrl\":\"https:\/\/medicalwastepuertorico.com\/wp-content\/plugins\/wpforms-lite\/assets\/images\/submit-spin.svg\"},{\"@type\":\"BreadcrumbList\",\"@id\":\"https:\/\/medicalwastepuertorico.com\/contactanos\/#breadcrumb\",\"itemListElement\":[{\"@type\":\"ListItem\",\"position\":1,\"name\":\"Home\",\"item\":\"https:\/\/medicalwastepuertorico.com\/\"},{\"@type\":\"ListItem\",\"position\":2,\"name\":\"Cont\u00e1ctanos\"}]},{\"@type\":\"WebSite\",\"@id\":\"https:\/\/medicalwastepuertorico.com\/#website\",\"url\":\"https:\/\/medicalwastepuertorico.com\/\",\"name\":\"Medical Waste Transport Inc\",\"description\":\"Desechos m\u00e9dicos\",\"publisher\":{\"@id\":\"https:\/\/medicalwastepuertorico.com\/#organization\"},\"potentialAction\":[{\"@type\":\"SearchAction\",\"target\":{\"@type\":\"EntryPoint\",\"urlTemplate\":\"https:\/\/medicalwastepuertorico.com\/?s={search_term_string}\"},\"query-input\":{\"@type\":\"PropertyValueSpecification\",\"valueRequired\":true,\"valueName\":\"search_term_string\"}}],\"inLanguage\":\"en-US\"},{\"@type\":\"Organization\",\"@id\":\"https:\/\/medicalwastepuertorico.com\/#organization\",\"name\":\"Medical Waste Transport Inc\",\"url\":\"https:\/\/medicalwastepuertorico.com\/\",\"logo\":{\"@type\":\"ImageObject\",\"inLanguage\":\"en-US\",\"@id\":\"https:\/\/medicalwastepuertorico.com\/#\/schema\/logo\/image\/\",\"url\":\"https:\/\/medicalwastepuertorico.com\/wp-content\/uploads\/2022\/11\/cropped-favicon-1.png\",\"contentUrl\":\"https:\/\/medicalwastepuertorico.com\/wp-content\/uploads\/2022\/11\/cropped-favicon-1.png\",\"width\":512,\"height\":512,\"caption\":\"Medical Waste Transport Inc\"},\"image\":{\"@id\":\"https:\/\/medicalwastepuertorico.com\/#\/schema\/logo\/image\/\"},\"sameAs\":[\"https:\/\/www.facebook.com\/medicalwastetransport\/\"]}]}<\/script>\n<!-- \/ Yoast SEO plugin. -->","yoast_head_json":{"title":"Desechos m\u00e9dicos | Medical Waste Transport Inc | PR","description":"Somos expertos en la gesti\u00f3n de desechos m\u00e9dicos, ofreciendo un enfoque sostenible y responsable en cada etapa del proceso...","robots":{"index":"index","follow":"follow","max-snippet":"max-snippet:-1","max-image-preview":"max-image-preview:large","max-video-preview":"max-video-preview:-1"},"canonical":"https:\/\/medicalwastepuertorico.com\/en\/contactanos\/","og_locale":"en_US","og_type":"article","og_title":"Desechos m\u00e9dicos | Medical Waste Transport Inc | PR","og_description":"Somos expertos en la gesti\u00f3n de desechos m\u00e9dicos, ofreciendo un enfoque sostenible y responsable en cada etapa del proceso...","og_url":"https:\/\/medicalwastepuertorico.com\/en\/contactanos\/","og_site_name":"Medical Waste Transport Inc","article_publisher":"https:\/\/www.facebook.com\/medicalwastetransport\/","article_modified_time":"2024-12-11T18:31:26+00:00","og_image":[{"url":"https:\/\/medicalwastepuertorico.com\/wp-content\/plugins\/wpforms-lite\/assets\/images\/submit-spin.svg","type":"","width":"","height":""}],"twitter_card":"summary_large_image","twitter_misc":{"Est. reading time":"1 minute"},"schema":{"@context":"https:\/\/schema.org","@graph":[{"@type":"WebPage","@id":"https:\/\/medicalwastepuertorico.com\/contactanos\/","url":"https:\/\/medicalwastepuertorico.com\/contactanos\/","name":"Desechos m\u00e9dicos | Medical Waste Transport Inc | PR","isPartOf":{"@id":"https:\/\/medicalwastepuertorico.com\/#website"},"primaryImageOfPage":{"@id":"https:\/\/medicalwastepuertorico.com\/contactanos\/#primaryimage"},"image":{"@id":"https:\/\/medicalwastepuertorico.com\/contactanos\/#primaryimage"},"thumbnailUrl":"https:\/\/medicalwastepuertorico.com\/wp-content\/plugins\/wpforms-lite\/assets\/images\/submit-spin.svg","datePublished":"2022-11-02T18:36:22+00:00","dateModified":"2024-12-11T18:31:26+00:00","description":"Somos expertos en la gesti\u00f3n de desechos m\u00e9dicos, ofreciendo un enfoque sostenible y responsable en cada etapa del proceso...","breadcrumb":{"@id":"https:\/\/medicalwastepuertorico.com\/contactanos\/#breadcrumb"},"inLanguage":"en-US","potentialAction":[{"@type":"ReadAction","target":["https:\/\/medicalwastepuertorico.com\/contactanos\/"]}]},{"@type":"ImageObject","inLanguage":"en-US","@id":"https:\/\/medicalwastepuertorico.com\/contactanos\/#primaryimage","url":"https:\/\/medicalwastepuertorico.com\/wp-content\/plugins\/wpforms-lite\/assets\/images\/submit-spin.svg","contentUrl":"https:\/\/medicalwastepuertorico.com\/wp-content\/plugins\/wpforms-lite\/assets\/images\/submit-spin.svg"},{"@type":"BreadcrumbList","@id":"https:\/\/medicalwastepuertorico.com\/contactanos\/#breadcrumb","itemListElement":[{"@type":"ListItem","position":1,"name":"Home","item":"https:\/\/medicalwastepuertorico.com\/"},{"@type":"ListItem","position":2,"name":"Cont\u00e1ctanos"}]},{"@type":"WebSite","@id":"https:\/\/medicalwastepuertorico.com\/#website","url":"https:\/\/medicalwastepuertorico.com\/","name":"Medical Waste Transport Inc","description":"Desechos m\u00e9dicos","publisher":{"@id":"https:\/\/medicalwastepuertorico.com\/#organization"},"potentialAction":[{"@type":"SearchAction","target":{"@type":"EntryPoint","urlTemplate":"https:\/\/medicalwastepuertorico.com\/?s={search_term_string}"},"query-input":{"@type":"PropertyValueSpecification","valueRequired":true,"valueName":"search_term_string"}}],"inLanguage":"en-US"},{"@type":"Organization","@id":"https:\/\/medicalwastepuertorico.com\/#organization","name":"Medical Waste Transport Inc","url":"https:\/\/medicalwastepuertorico.com\/","logo":{"@type":"ImageObject","inLanguage":"en-US","@id":"https:\/\/medicalwastepuertorico.com\/#\/schema\/logo\/image\/","url":"https:\/\/medicalwastepuertorico.com\/wp-content\/uploads\/2022\/11\/cropped-favicon-1.png","contentUrl":"https:\/\/medicalwastepuertorico.com\/wp-content\/uploads\/2022\/11\/cropped-favicon-1.png","width":512,"height":512,"caption":"Medical Waste Transport Inc"},"image":{"@id":"https:\/\/medicalwastepuertorico.com\/#\/schema\/logo\/image\/"},"sameAs":["https:\/\/www.facebook.com\/medicalwastetransport\/"]}]}},"_links":{"self":[{"href":"https:\/\/medicalwastepuertorico.com\/en\/wp-json\/wp\/v2\/pages\/66","targetHints":{"allow":["GET"]}}],"collection":[{"href":"https:\/\/medicalwastepuertorico.com\/en\/wp-json\/wp\/v2\/pages"}],"about":[{"href":"https:\/\/medicalwastepuertorico.com\/en\/wp-json\/wp\/v2\/types\/page"}],"author":[{"embeddable":true,"href":"https:\/\/medicalwastepuertorico.com\/en\/wp-json\/wp\/v2\/users\/1"}],"replies":[{"embeddable":true,"href":"https:\/\/medicalwastepuertorico.com\/en\/wp-json\/wp\/v2\/comments?post=66"}],"version-history":[{"count":14,"href":"https:\/\/medicalwastepuertorico.com\/en\/wp-json\/wp\/v2\/pages\/66\/revisions"}],"predecessor-version":[{"id":1708,"href":"https:\/\/medicalwastepuertorico.com\/en\/wp-json\/wp\/v2\/pages\/66\/revisions\/1708"}],"wp:attachment":[{"href":"https:\/\/medicalwastepuertorico.com\/en\/wp-json\/wp\/v2\/media?parent=66"}],"curies":[{"name":"wp","href":"https:\/\/api.w.org\/{rel}","templated":true}]}}